{"id":6115,"date":"2022-07-04T15:53:35","date_gmt":"2022-07-04T15:53:35","guid":{"rendered":"https:\/\/simoffice.pt\/index.php\/product\/quadro-branco-180x120cm-porcelana-linha-lightboard-magnetico\/"},"modified":"2022-07-04T15:53:41","modified_gmt":"2022-07-04T15:53:41","slug":"quadro-branco-180x120cm-porcelana-linha-lightboard-magnetico","status":"publish","type":"product","link":"https:\/\/simoffice.pt\/index.php\/product\/quadro-branco-180x120cm-porcelana-linha-lightboard-magnetico\/","title":{"rendered":"Quadro Branco 180x120cm Porcelana Linha Lightboard Magn\u00e9tico"},"content":{"rendered":"<p>Caracter\u00edsticas<br \/>\nQuadro branco com superf\u00edcie resistente a riscos<br \/>\nMoldura estreita em alum\u00ednio anodizado<br \/>\nBandeja para canetas que prende \u00e0 moldura em qualquer posi\u00e7\u00e3o<br \/>\nFornecido com fixa\u00e7\u00f5es de parede<\/p>\n","protected":false},"excerpt":{"rendered":"<p>Caracter\u00edsticas Quadro branco com superf\u00edcie resistente a riscos Moldura estreita em alum\u00ednio anodizado Bandeja para canetas que prende \u00e0 moldura em qualquer posi\u00e7\u00e3o Fornecido com fixa\u00e7\u00f5es de parede<\/p>\n","protected":false},"featured_media":6116,"template":"","meta":[],"product_cat":[76],"product_tag":[],"_links":{"self":[{"href":"https:\/\/simoffice.pt\/index.php\/wp-json\/wp\/v2\/product\/6115"}],"collection":[{"href":"https:\/\/simoffice.pt\/index.php\/wp-json\/wp\/v2\/product"}],"about":[{"href":"https:\/\/simoffice.pt\/index.php\/wp-json\/wp\/v2\/types\/product"}],"wp:featuredmedia":[{"embeddable":true,"href":"https:\/\/simoffice.pt\/index.php\/wp-json\/wp\/v2\/media\/6116"}],"wp:attachment":[{"href":"https:\/\/simoffice.pt\/index.php\/wp-json\/wp\/v2\/media?parent=6115"}],"wp:term":[{"taxonomy":"product_cat","embeddable":true,"href":"https:\/\/simoffice.pt\/index.php\/wp-json\/wp\/v2\/product_cat?post=6115"},{"taxonomy":"product_tag","embeddable":true,"href":"https:\/\/simoffice.pt\/index.php\/wp-json\/wp\/v2\/product_tag?post=6115"}],"curies":[{"name":"wp","href":"https:\/\/api.w.org\/{rel}","templated":true}]}}