{"id":6099,"date":"2022-07-04T15:52:49","date_gmt":"2022-07-04T15:52:49","guid":{"rendered":"https:\/\/simoffice.pt\/index.php\/product\/zebra-impressora-termica-direta-gk420d\/"},"modified":"2022-07-04T15:52:55","modified_gmt":"2022-07-04T15:52:55","slug":"zebra-impressora-termica-direta-gk420d","status":"publish","type":"product","link":"https:\/\/simoffice.pt\/index.php\/product\/zebra-impressora-termica-direta-gk420d\/","title":{"rendered":"Zebra Impressora T\u00e9rmica Direta GK420D"},"content":{"rendered":"<p>Informa\u00e7\u00e3o Detalhada<br \/>\nTipo Impressora T\u00e9rmica Directa<br \/>\nMem\u00f3ria Standard: 8 MB SDRAM (3 MB available to end user); 4 MB Flash (1.5 MB available to end user)<br \/>\nProcessador 32 bit RISC processor<br \/>\nVelocidade de Impress\u00e3o<br \/>\nPrint speed: 127 mm\/sec<br \/>\nPrint width: 104 mm<br \/>\nPrint length: 991 mm<br \/>\nResolu\u00e7\u00e3o 203 dpi (8 dots\/mm)<br \/>\nTamanho da Etiqueta<br \/>\nMax\/Min Label &amp; Liner Width : 108 mm \/ 19 mm<br \/>\nMaximum label and liner length: 9.7 mm to 991 mm<br \/>\nMax Diameter Roll : 127 mm<br \/>\nMedia thickness : 0.08 mm to 0.20 mm)<br \/>\nTipos de Etiquetas black bar, black mark, continuous, continuous receipt, die-cut, fanfold, gap, notched, perforated, receipt, roll-fed, tag, tag stock<br \/>\nC\u00f3digos de Barras Linear Codabar Code 11 Code 128 Code 128 with subsets A\/B\/C Code 39 Code 93 EAN-13 EAN-14 EAN-8 EAN-8 and EAN-13 with 2 or 5 digit extensions German Post Code Industrial 2-of-5 Interleaved 2-of-5 Japanese Postnet Logmars MSI MSI-3 Plessey Postnet RSS (reduced space symbology) Standard 2-of-5 UCC\/EAN-128 UPC and EAN 2 or 5 digit extensions UPC-A UPC-A and UPC-E with 2 or 5 digit extensions UPC-A and UPC-E with EAN 2 or 5 digit extensions UPC-E 2-dimensional Aztec Codablock Code 49 Data Matrix MacroPDF417 MaxiCode MicroPDF417 PDF417 QR Code RSS \/ GS1 DataBar family (12 barcodes)<br \/>\nCor Preto<br \/>\nOutras Caracter\u00edsticas<br \/>\nEPL2, ZPL I\/ZPL II (Programming languages)<br \/>\n16 resident expandable ZPL II bitmap fonts<br \/>\n1 resident scalable ZPL font<br \/>\n5 resident expandable EPL2 bitmap fonts<br \/>\nSupports user-defined fonts and graphics &#8211; including customer logos<br \/>\nInterfaces<br \/>\nAuto-sensing Serial RS-232 (DB-9)<br \/>\nUSB V1.1, bi-directional<br \/>\nCentronics Parallel<br \/>\n10\/100 internal Ethernet (replaces parallel port)<br \/>\nDimens\u00f5es 194 mm x 254 mm x 191 mm<br \/>\nPeso 2.1 Kg<br \/>\nAcess\u00f3rios<br \/>\nFitas<br \/>\nOutside diameter : (34 mm)<br \/>\nStandard length: (74 m) Ratio: 1:1<br \/>\nOutros Opcionais<br \/>\n10\/100 internal Ethernet connectivity<br \/>\nDispenser &#8211; label peel and present with present sensor<br \/>\nAsian font sets <\/p>\n","protected":false},"excerpt":{"rendered":"<p>Informa\u00e7\u00e3o Detalhada Tipo Impressora T\u00e9rmica Directa Mem\u00f3ria Standard: 8 MB SDRAM (3 MB available to end user); 4 MB Flash (1.5 MB available to end user) Processador 32 bit RISC processor Velocidade de Impress\u00e3o Print speed: 127 mm\/sec Print width: 104 mm Print length: 991 mm Resolu\u00e7\u00e3o 203 dpi (8 dots\/mm) Tamanho da Etiqueta Max\/Min [&hellip;]<\/p>\n","protected":false},"featured_media":6100,"template":"","meta":[],"product_cat":[75],"product_tag":[],"_links":{"self":[{"href":"https:\/\/simoffice.pt\/index.php\/wp-json\/wp\/v2\/product\/6099"}],"collection":[{"href":"https:\/\/simoffice.pt\/index.php\/wp-json\/wp\/v2\/product"}],"about":[{"href":"https:\/\/simoffice.pt\/index.php\/wp-json\/wp\/v2\/types\/product"}],"wp:featuredmedia":[{"embeddable":true,"href":"https:\/\/simoffice.pt\/index.php\/wp-json\/wp\/v2\/media\/6100"}],"wp:attachment":[{"href":"https:\/\/simoffice.pt\/index.php\/wp-json\/wp\/v2\/media?parent=6099"}],"wp:term":[{"taxonomy":"product_cat","embeddable":true,"href":"https:\/\/simoffice.pt\/index.php\/wp-json\/wp\/v2\/product_cat?post=6099"},{"taxonomy":"product_tag","embeddable":true,"href":"https:\/\/simoffice.pt\/index.php\/wp-json\/wp\/v2\/product_tag?post=6099"}],"curies":[{"name":"wp","href":"https:\/\/api.w.org\/{rel}","templated":true}]}}