{"id":6097,"date":"2022-07-04T15:52:45","date_gmt":"2022-07-04T15:52:45","guid":{"rendered":"https:\/\/simoffice.pt\/index.php\/product\/epson-impressora-tm-tii-serie-usb-preta\/"},"modified":"2022-07-04T15:52:51","modified_gmt":"2022-07-04T15:52:51","slug":"epson-impressora-tm-tii-serie-usb-preta","status":"publish","type":"product","link":"https:\/\/simoffice.pt\/index.php\/product\/epson-impressora-tm-tii-serie-usb-preta\/","title":{"rendered":"Epson Impressora TM-TII serie + USB preta"},"content":{"rendered":"<p>Detalhes T\u00e9cnicos<br \/>\nTecnologia de Impress\u00e3o Thermal line printing<br \/>\nVelocidade de Impress\u00e3o Max. 200mm\/sec (5.91 in\/sec)<br \/>\nControladores de impress\u00e3o 9 x 17 and 12 x 24 dots\/character (W x H)<br \/>\nFiabilidade MTBF 360,000 hours \/ MCBF 60,000,000 lines<br \/>\nFonte de Alimenta\u00e7\u00e3o 100 \u2013 240V AC, 50\/60 Hz, External (AC cable included) &#8211; Fonte de Alimenta\u00e7\u00e3o inclu\u00edda<br \/>\nConsumo Approx. 1.8A<br \/>\nCor Epson Dark Gray (EDG)<br \/>\nOutras caracter\u00edsticas<br \/>\nInstallation: Horizontal\/vertical on counter\/vertical on wall with wall hanging bracket<br \/>\nWhat&#8217;s in the Box :<br \/>\nTM-T20II<br \/>\nThermal roll paper (starter roll for operation check)<br \/>\nUSB cable (USB version only)<br \/>\nEthernet cable (Ethernet only version)<br \/>\nAC cable<br \/>\nSet-up guide<br \/>\nCD-ROM (includes User Manual, Technical Manual, TM-T20II software manual, drivers)<br \/>\nGarantia Two-year limited warranty<br \/>\nCorte 1.5 million cuts<br \/>\nCaracteres de Impress\u00e3o<br \/>\nColunas<br \/>\nStandard: Paper width 80mm: 48\/64; Paper width 58mm: 35\/46 42<br \/>\nColumn Mode: Paper width 80mm: 42\/60; Paper width 58mm: 42\/31<br \/>\nTamanho do caract\u00e9r 0.88 \u00d7 2.13 and 1.25 \u00d7 3 mm (W x H)<br \/>\nJogos de Caract\u00e9res 95 Alphanumeric, 18 set International, 128 \u00d7 43 Graphic.<br \/>\nC\u00f3digos de barras Barcode: UPC-A, UPC-E, JAN13 (EAN13), JAN8 (EAN), CODE39, ITF, CODABAR (NW-7), CODE93, CODE128, GS1-128, GS1 DataBar. Twodimensional code: PDF417, QRCode, MaxiCode, 2D GS1 DataBar, Composite Symbology<br \/>\nPapel<br \/>\nFormato<br \/>\n80mm: 3.13\u201d \u00b1 0.02\u201d x 3.27\u201d diameter (79.5 \u00b1 0.5(W) x 83mm)<br \/>\n58mm: 2.26\u201d \u00b1 0.02\u201d x 3.27\u201d diameter (57.5 \u00b1 0.5(W) x 83mm)<br \/>\nAcess\u00f3rios<br \/>\nAdaptadores e Cabos<br \/>\nRoll paper \u00d7 1 roll (for checking the initial movement of the printer), CD-ROM, power switch cover, power switch waterproof cover, wall hanging bracket, screws for wall hanging bracket, rubber feet for vertical installation, switch panel for vertical installation, 58mm width paper guide plate, interface cable (USB only), AC cable<br \/>\nCD_ROM Contents: Drivers &amp; tool software (APD, OPOS\u2122, JavaPOS\u2122, OPOS NET\u2122, TM Virtual port driver, Linux\u00ae Cups driver, Mac OS\u00ae X driver, TM-T20II Utility, EpsonNet Simple Viewer), Coupon Printing utility, Manuals (TM-T20II user\u2018s manual, TM-T20II software manual) <\/p>\n","protected":false},"excerpt":{"rendered":"<p>Detalhes T\u00e9cnicos Tecnologia de Impress\u00e3o Thermal line printing Velocidade de Impress\u00e3o Max. 200mm\/sec (5.91 in\/sec) Controladores de impress\u00e3o 9 x 17 and 12 x 24 dots\/character (W x H) Fiabilidade MTBF 360,000 hours \/ MCBF 60,000,000 lines Fonte de Alimenta\u00e7\u00e3o 100 \u2013 240V AC, 50\/60 Hz, External (AC cable included) &#8211; Fonte de Alimenta\u00e7\u00e3o inclu\u00edda [&hellip;]<\/p>\n","protected":false},"featured_media":6098,"template":"","meta":[],"product_cat":[75],"product_tag":[],"_links":{"self":[{"href":"https:\/\/simoffice.pt\/index.php\/wp-json\/wp\/v2\/product\/6097"}],"collection":[{"href":"https:\/\/simoffice.pt\/index.php\/wp-json\/wp\/v2\/product"}],"about":[{"href":"https:\/\/simoffice.pt\/index.php\/wp-json\/wp\/v2\/types\/product"}],"wp:featuredmedia":[{"embeddable":true,"href":"https:\/\/simoffice.pt\/index.php\/wp-json\/wp\/v2\/media\/6098"}],"wp:attachment":[{"href":"https:\/\/simoffice.pt\/index.php\/wp-json\/wp\/v2\/media?parent=6097"}],"wp:term":[{"taxonomy":"product_cat","embeddable":true,"href":"https:\/\/simoffice.pt\/index.php\/wp-json\/wp\/v2\/product_cat?post=6097"},{"taxonomy":"product_tag","embeddable":true,"href":"https:\/\/simoffice.pt\/index.php\/wp-json\/wp\/v2\/product_tag?post=6097"}],"curies":[{"name":"wp","href":"https:\/\/api.w.org\/{rel}","templated":true}]}}