{"id":6091,"date":"2022-07-04T15:52:26","date_gmt":"2022-07-04T15:52:26","guid":{"rendered":"https:\/\/simoffice.pt\/index.php\/product\/hp-impressora-laserjet-pro-m102a\/"},"modified":"2022-07-04T15:52:32","modified_gmt":"2022-07-04T15:52:32","slug":"hp-impressora-laserjet-pro-m102a","status":"publish","type":"product","link":"https:\/\/simoffice.pt\/index.php\/product\/hp-impressora-laserjet-pro-m102a\/","title":{"rendered":"HP Impressora Laserjet Pro M102A"},"content":{"rendered":"<p>HP M102a, LaserJet. Resolu\u00e7\u00e3o M\u00e1xima: 1200 x 1200 DPI, Volume mensal de p\u00e1ginas recomendado: 10000 p\u00e1ginas por m\u00eas, Idiomas de s\u00e9rie de impressora: PWG, URF. Velocidade de impress\u00e3o (preto, qualidade normal, A4\/US Letter): 23 ppm, Primeira p\u00e1gina a sair (preto, A4): 7,3 s. Capacidade standard de entrada (folhas): 150 folhas, Tipo de entrada de papel: Bandeja de papel. Capacidade standard de sa\u00edda (folhas): 100 folhas. Dimens\u00e3o m\u00e1xima de papel ISO A-series: A4, Standard tray media types: Cartolina, Envelopes, Etiquetas, Papel de fotografia, Papel em branco, Papel de rascunho, Tamanhos ISO s\u00e9rie A (A0\u2026A9): A4<\/p>\n","protected":false},"excerpt":{"rendered":"<p>HP M102a, LaserJet. Resolu\u00e7\u00e3o M\u00e1xima: 1200 x 1200 DPI, Volume mensal de p\u00e1ginas recomendado: 10000 p\u00e1ginas por m\u00eas, Idiomas de s\u00e9rie de impressora: PWG, URF. Velocidade de impress\u00e3o (preto, qualidade normal, A4\/US Letter): 23 ppm, Primeira p\u00e1gina a sair (preto, A4): 7,3 s. Capacidade standard de entrada (folhas): 150 folhas, Tipo de entrada de papel: [&hellip;]<\/p>\n","protected":false},"featured_media":6092,"template":"","meta":[],"product_cat":[75],"product_tag":[],"_links":{"self":[{"href":"https:\/\/simoffice.pt\/index.php\/wp-json\/wp\/v2\/product\/6091"}],"collection":[{"href":"https:\/\/simoffice.pt\/index.php\/wp-json\/wp\/v2\/product"}],"about":[{"href":"https:\/\/simoffice.pt\/index.php\/wp-json\/wp\/v2\/types\/product"}],"wp:featuredmedia":[{"embeddable":true,"href":"https:\/\/simoffice.pt\/index.php\/wp-json\/wp\/v2\/media\/6092"}],"wp:attachment":[{"href":"https:\/\/simoffice.pt\/index.php\/wp-json\/wp\/v2\/media?parent=6091"}],"wp:term":[{"taxonomy":"product_cat","embeddable":true,"href":"https:\/\/simoffice.pt\/index.php\/wp-json\/wp\/v2\/product_cat?post=6091"},{"taxonomy":"product_tag","embeddable":true,"href":"https:\/\/simoffice.pt\/index.php\/wp-json\/wp\/v2\/product_tag?post=6091"}],"curies":[{"name":"wp","href":"https:\/\/api.w.org\/{rel}","templated":true}]}}