{"id":6087,"date":"2022-07-04T15:52:13","date_gmt":"2022-07-04T15:52:13","guid":{"rendered":"https:\/\/simoffice.pt\/index.php\/product\/ventoinha-titan-tfd-8025m12zp-80x80x25mm-pwm-z-bear\/"},"modified":"2022-07-04T15:52:19","modified_gmt":"2022-07-04T15:52:19","slug":"ventoinha-titan-tfd-8025m12zp-80x80x25mm-pwm-z-bear","status":"publish","type":"product","link":"https:\/\/simoffice.pt\/index.php\/product\/ventoinha-titan-tfd-8025m12zp-80x80x25mm-pwm-z-bear\/","title":{"rendered":"Vento\u00ednha Titan TFD-8025M12ZP 80X80X25MM PWM Z-BEAR"},"content":{"rendered":"<p>Ventilador com dimens\u00e3o 80 x 25mm<br \/>\nVelocidade de rota\u00e7\u00e3o de 8002500 RPM<br \/>\nFluxo de ar de 9,18 25,02 CFM<br \/>\nRu\u00eddo de funcionamento 3,128dBA<br \/>\nTecnologia PWM (conector de 4 pinos)<\/p>\n<p>Ventilador TITAN TFD-8025M12ZP com dimens\u00e3o 80 x 80 x 25mm, velocidade de rota\u00e7\u00e3o de 8002500 RPM, fluxo de ar 9,1825,02 CFM, ru\u00eddo de funcionamento inferior a 3,128dBA, alimenta\u00e7\u00e3o de 12V,tecnologia PWM (conector de 4 pinos) permite controlo autom\u00e1tico da rota\u00e7\u00e3o em fun\u00e7\u00e3o da temperatura do sistema, tecnologia Z-Axis com tempo de vida util de 60,000 horas.<\/p>\n<p>Tipo Ventilador 80mm<br \/>\nRPM 8002500 RPM<br \/>\nN\u00edvel de Ru\u00eddo 3,128 dBA<br \/>\nFluxo de Ar 9,125.02 CFM<br \/>\nDimens\u00e3o do Ventilador \u00d8 80 x 25 mm<br \/>\nOutras Caracter\u00edsticas<br \/>\nTens\u00e3o: 12V<br \/>\nCorrente: 0.11A<br \/>\nQuantidade por Embalagem 1<br \/>\nGarantia 2 Anos<\/p>\n","protected":false},"excerpt":{"rendered":"<p>Ventilador com dimens\u00e3o 80 x 25mm Velocidade de rota\u00e7\u00e3o de 8002500 RPM Fluxo de ar de 9,18 25,02 CFM Ru\u00eddo de funcionamento 3,128dBA Tecnologia PWM (conector de 4 pinos) Ventilador TITAN TFD-8025M12ZP com dimens\u00e3o 80 x 80 x 25mm, velocidade de rota\u00e7\u00e3o de 8002500 RPM, fluxo de ar 9,1825,02 CFM, ru\u00eddo de funcionamento inferior a [&hellip;]<\/p>\n","protected":false},"featured_media":6088,"template":"","meta":[],"product_cat":[75],"product_tag":[],"_links":{"self":[{"href":"https:\/\/simoffice.pt\/index.php\/wp-json\/wp\/v2\/product\/6087"}],"collection":[{"href":"https:\/\/simoffice.pt\/index.php\/wp-json\/wp\/v2\/product"}],"about":[{"href":"https:\/\/simoffice.pt\/index.php\/wp-json\/wp\/v2\/types\/product"}],"wp:featuredmedia":[{"embeddable":true,"href":"https:\/\/simoffice.pt\/index.php\/wp-json\/wp\/v2\/media\/6088"}],"wp:attachment":[{"href":"https:\/\/simoffice.pt\/index.php\/wp-json\/wp\/v2\/media?parent=6087"}],"wp:term":[{"taxonomy":"product_cat","embeddable":true,"href":"https:\/\/simoffice.pt\/index.php\/wp-json\/wp\/v2\/product_cat?post=6087"},{"taxonomy":"product_tag","embeddable":true,"href":"https:\/\/simoffice.pt\/index.php\/wp-json\/wp\/v2\/product_tag?post=6087"}],"curies":[{"name":"wp","href":"https:\/\/api.w.org\/{rel}","templated":true}]}}