{"id":6085,"date":"2022-07-04T15:52:09","date_gmt":"2022-07-04T15:52:09","guid":{"rendered":"https:\/\/simoffice.pt\/index.php\/product\/logilink-tapete-220x300x25mm-com-suporte-pulso-em-silicone-preto\/"},"modified":"2022-07-04T15:52:15","modified_gmt":"2022-07-04T15:52:15","slug":"logilink-tapete-220x300x25mm-com-suporte-pulso-em-silicone-preto","status":"publish","type":"product","link":"https:\/\/simoffice.pt\/index.php\/product\/logilink-tapete-220x300x25mm-com-suporte-pulso-em-silicone-preto\/","title":{"rendered":"Logilink Tapete 220X300X25MM com suporte pulso em silicone, preto"},"content":{"rendered":"<p>Tapete Gel Mouse Pad, 220 x 300 x 25mm<br \/>\nCompat\u00edvel com todos os tipos de ratos com bola, \u00f3pticos e a laser<br \/>\nBase de borracha n\u00e3o derrapante para garantir uma m\u00e1xima estabilidade<br \/>\nGrande precis\u00e3o, estabilidade e durabilidade<br \/>\nEm preto<\/p>\n<p>Tapete Gel Mouse Pad, 220 x 300 x 25mm, boa aposta se pretende melhorar a velocidade e precis\u00e3o do seu rato. Pode relaxar a sua m\u00e3o gra\u00e7as ao gel que abrange toda a zona do seu pulso evitando a dor ap\u00f3s longa utiliza\u00e7\u00e3o do rato.Base de borracha n\u00e3o derrapante para garantir uma m\u00e1xima estabilidade. Compat\u00edvel com todos os tipos de ratos com bola, \u00f3pticos e a laser.<\/p>\n<p>Tipo Tapete Gel Mouse Pad para Rato<br \/>\nDesign Minimalista e elegante<br \/>\nConte\u00fado da embalagem Tapete<br \/>\nDimens\u00f5es 220 x 300 x 25mm<br \/>\nPeso 225g<br \/>\nPeso com embalagem 400g<br \/>\nQuantidade por Embalagem 1<br \/>\nGarantia 2 Anos<br \/>\nTipo de embalagem Retail<br \/>\nOrigem PRC<\/p>\n","protected":false},"excerpt":{"rendered":"<p>Tapete Gel Mouse Pad, 220 x 300 x 25mm Compat\u00edvel com todos os tipos de ratos com bola, \u00f3pticos e a laser Base de borracha n\u00e3o derrapante para garantir uma m\u00e1xima estabilidade Grande precis\u00e3o, estabilidade e durabilidade Em preto Tapete Gel Mouse Pad, 220 x 300 x 25mm, boa aposta se pretende melhorar a velocidade [&hellip;]<\/p>\n","protected":false},"featured_media":6086,"template":"","meta":[],"product_cat":[75],"product_tag":[],"_links":{"self":[{"href":"https:\/\/simoffice.pt\/index.php\/wp-json\/wp\/v2\/product\/6085"}],"collection":[{"href":"https:\/\/simoffice.pt\/index.php\/wp-json\/wp\/v2\/product"}],"about":[{"href":"https:\/\/simoffice.pt\/index.php\/wp-json\/wp\/v2\/types\/product"}],"wp:featuredmedia":[{"embeddable":true,"href":"https:\/\/simoffice.pt\/index.php\/wp-json\/wp\/v2\/media\/6086"}],"wp:attachment":[{"href":"https:\/\/simoffice.pt\/index.php\/wp-json\/wp\/v2\/media?parent=6085"}],"wp:term":[{"taxonomy":"product_cat","embeddable":true,"href":"https:\/\/simoffice.pt\/index.php\/wp-json\/wp\/v2\/product_cat?post=6085"},{"taxonomy":"product_tag","embeddable":true,"href":"https:\/\/simoffice.pt\/index.php\/wp-json\/wp\/v2\/product_tag?post=6085"}],"curies":[{"name":"wp","href":"https:\/\/api.w.org\/{rel}","templated":true}]}}