{"id":6065,"date":"2022-07-04T15:51:08","date_gmt":"2022-07-04T15:51:08","guid":{"rendered":"https:\/\/simoffice.pt\/index.php\/product\/ngs-colunas-soundband-150-preto-cinza-150w\/"},"modified":"2022-07-04T15:51:14","modified_gmt":"2022-07-04T15:51:14","slug":"ngs-colunas-soundband-150-preto-cinza-150w","status":"publish","type":"product","link":"https:\/\/simoffice.pt\/index.php\/product\/ngs-colunas-soundband-150-preto-cinza-150w\/","title":{"rendered":"NGS Colunas SoundBand 150 preto\/Cinza 150W"},"content":{"rendered":"<p>Informa\u00e7\u00e3o detalhada<br \/>\nQualidade Audio<br \/>\nO conjunto de colunas SoundBand 150 est\u00e1 dotado de uma pot\u00eancia de 2+2 (4W RMS) \u00e9 o ideal para quem procura um sistema Multim\u00eddia de alto rendimento.<br \/>\nOutras Caracter\u00edsticas<br \/>\nCom um amplificador para obter um som mais potente, o sistema de colunas possui uma protec\u00e7\u00e3o magn\u00e9tica que evita a distor\u00e7\u00e3o das cores se se coloca cerca do monitor. <\/p>\n","protected":false},"excerpt":{"rendered":"<p>Informa\u00e7\u00e3o detalhada Qualidade Audio O conjunto de colunas SoundBand 150 est\u00e1 dotado de uma pot\u00eancia de 2+2 (4W RMS) \u00e9 o ideal para quem procura um sistema Multim\u00eddia de alto rendimento. Outras Caracter\u00edsticas Com um amplificador para obter um som mais potente, o sistema de colunas possui uma protec\u00e7\u00e3o magn\u00e9tica que evita a distor\u00e7\u00e3o das [&hellip;]<\/p>\n","protected":false},"featured_media":6066,"template":"","meta":[],"product_cat":[75],"product_tag":[],"_links":{"self":[{"href":"https:\/\/simoffice.pt\/index.php\/wp-json\/wp\/v2\/product\/6065"}],"collection":[{"href":"https:\/\/simoffice.pt\/index.php\/wp-json\/wp\/v2\/product"}],"about":[{"href":"https:\/\/simoffice.pt\/index.php\/wp-json\/wp\/v2\/types\/product"}],"wp:featuredmedia":[{"embeddable":true,"href":"https:\/\/simoffice.pt\/index.php\/wp-json\/wp\/v2\/media\/6066"}],"wp:attachment":[{"href":"https:\/\/simoffice.pt\/index.php\/wp-json\/wp\/v2\/media?parent=6065"}],"wp:term":[{"taxonomy":"product_cat","embeddable":true,"href":"https:\/\/simoffice.pt\/index.php\/wp-json\/wp\/v2\/product_cat?post=6065"},{"taxonomy":"product_tag","embeddable":true,"href":"https:\/\/simoffice.pt\/index.php\/wp-json\/wp\/v2\/product_tag?post=6065"}],"curies":[{"name":"wp","href":"https:\/\/api.w.org\/{rel}","templated":true}]}}