{"id":6029,"date":"2022-07-04T15:49:12","date_gmt":"2022-07-04T15:49:12","guid":{"rendered":"https:\/\/simoffice.pt\/index.php\/product\/papel-160gr-a4-navigator-office-card-1x250folhas\/"},"modified":"2022-07-04T15:49:18","modified_gmt":"2022-07-04T15:49:18","slug":"papel-160gr-a4-navigator-office-card-1x250folhas","status":"publish","type":"product","link":"https:\/\/simoffice.pt\/index.php\/product\/papel-160gr-a4-navigator-office-card-1x250folhas\/","title":{"rendered":"Papel 160gr A4 Navigator (Office Card) 1x250Folhas"},"content":{"rendered":"<p>Perfeito para melhorar a qualidade da imagem com o alto contraste e defini\u00e7\u00e3o. Cores reais e imagens vivas 100% garantidas. Ideal para documentos de elevada qualidade: certificados, brochuras, menus, diplomas, capas, programas.<br \/>\nCart\u00f5es de felicita\u00e7\u00f5es, cart\u00f5es<br \/>\nde neg\u00f3cios e folhetos.<\/p>\n","protected":false},"excerpt":{"rendered":"<p>Perfeito para melhorar a qualidade da imagem com o alto contraste e defini\u00e7\u00e3o. Cores reais e imagens vivas 100% garantidas. Ideal para documentos de elevada qualidade: certificados, brochuras, menus, diplomas, capas, programas. Cart\u00f5es de felicita\u00e7\u00f5es, cart\u00f5es de neg\u00f3cios e folhetos.<\/p>\n","protected":false},"featured_media":6030,"template":"","meta":[],"product_cat":[74],"product_tag":[],"_links":{"self":[{"href":"https:\/\/simoffice.pt\/index.php\/wp-json\/wp\/v2\/product\/6029"}],"collection":[{"href":"https:\/\/simoffice.pt\/index.php\/wp-json\/wp\/v2\/product"}],"about":[{"href":"https:\/\/simoffice.pt\/index.php\/wp-json\/wp\/v2\/types\/product"}],"wp:featuredmedia":[{"embeddable":true,"href":"https:\/\/simoffice.pt\/index.php\/wp-json\/wp\/v2\/media\/6030"}],"wp:attachment":[{"href":"https:\/\/simoffice.pt\/index.php\/wp-json\/wp\/v2\/media?parent=6029"}],"wp:term":[{"taxonomy":"product_cat","embeddable":true,"href":"https:\/\/simoffice.pt\/index.php\/wp-json\/wp\/v2\/product_cat?post=6029"},{"taxonomy":"product_tag","embeddable":true,"href":"https:\/\/simoffice.pt\/index.php\/wp-json\/wp\/v2\/product_tag?post=6029"}],"curies":[{"name":"wp","href":"https:\/\/api.w.org\/{rel}","templated":true}]}}