{"id":6024,"date":"2022-07-04T15:48:54","date_gmt":"2022-07-04T15:48:54","guid":{"rendered":"https:\/\/simoffice.pt\/index.php\/product\/guilhotina-a4-cinza\/"},"modified":"2022-07-04T15:49:03","modified_gmt":"2022-07-04T15:49:03","slug":"guilhotina-a4-cinza","status":"publish","type":"product","link":"https:\/\/simoffice.pt\/index.php\/product\/guilhotina-a4-cinza\/","title":{"rendered":"Guilhotina A4 Cinza"},"content":{"rendered":"<p>Descri\u00e7\u00e3o<br \/>\nIdeal para cotrtar papel de forma eficaz.<br \/>\nGuilhotina para papel de tamanho m\u00e1ximo A4.<br \/>\nMarca: Staples<br \/>\nTipo: Guilhotina A4 Cinzenta<br \/>\nFormato: M\u00e1ximo de Corte A4<br \/>\nDimens\u00f5es: 80x200x560mm<br \/>\nQuantidade: 1<\/p>\n","protected":false},"excerpt":{"rendered":"<p>Descri\u00e7\u00e3o Ideal para cotrtar papel de forma eficaz. Guilhotina para papel de tamanho m\u00e1ximo A4. Marca: Staples Tipo: Guilhotina A4 Cinzenta Formato: M\u00e1ximo de Corte A4 Dimens\u00f5es: 80x200x560mm Quantidade: 1<\/p>\n","protected":false},"featured_media":6025,"template":"","meta":[],"product_cat":[74],"product_tag":[],"_links":{"self":[{"href":"https:\/\/simoffice.pt\/index.php\/wp-json\/wp\/v2\/product\/6024"}],"collection":[{"href":"https:\/\/simoffice.pt\/index.php\/wp-json\/wp\/v2\/product"}],"about":[{"href":"https:\/\/simoffice.pt\/index.php\/wp-json\/wp\/v2\/types\/product"}],"wp:featuredmedia":[{"embeddable":true,"href":"https:\/\/simoffice.pt\/index.php\/wp-json\/wp\/v2\/media\/6025"}],"wp:attachment":[{"href":"https:\/\/simoffice.pt\/index.php\/wp-json\/wp\/v2\/media?parent=6024"}],"wp:term":[{"taxonomy":"product_cat","embeddable":true,"href":"https:\/\/simoffice.pt\/index.php\/wp-json\/wp\/v2\/product_cat?post=6024"},{"taxonomy":"product_tag","embeddable":true,"href":"https:\/\/simoffice.pt\/index.php\/wp-json\/wp\/v2\/product_tag?post=6024"}],"curies":[{"name":"wp","href":"https:\/\/api.w.org\/{rel}","templated":true}]}}