{"id":5992,"date":"2022-07-04T15:47:12","date_gmt":"2022-07-04T15:47:12","guid":{"rendered":"https:\/\/simoffice.pt\/index.php\/product\/herma-etiqueta-de-endereco-autocolantes-premium-permanentes-991-x-57-mm-100-folhas-10-etiquetas-por-folha-a4-branca\/"},"modified":"2022-07-04T15:47:22","modified_gmt":"2022-07-04T15:47:22","slug":"herma-etiqueta-de-endereco-autocolantes-premium-permanentes-991-x-57-mm-100-folhas-10-etiquetas-por-folha-a4-branca","status":"publish","type":"product","link":"https:\/\/simoffice.pt\/index.php\/product\/herma-etiqueta-de-endereco-autocolantes-premium-permanentes-991-x-57-mm-100-folhas-10-etiquetas-por-folha-a4-branca\/","title":{"rendered":"Herma Etiqueta de Endere\u00e7o Autocolantes Premium Permanentes, 99,1 x 57 mm, 100 Folhas, 10 Etiquetas por Folha A4, Branca"},"content":{"rendered":"<p>Identifique facilmente qualquer objeto no local de trabalho ou em casa com estas etiquetas de endere\u00e7o extrafortes Herma Premium de elevada brancura.<br \/>\nEstas etiquetas multiusos Herma s\u00e3o extrafortes com cola autocolante permanente. As etiquetas foram criadas para uma posi\u00e7\u00e3o plana durante a impress\u00e3o de modo a garantir que n\u00e3o encravam quer imprima em grandes lotes ou pequenas tiragens. A margem protetora permite uma aplica\u00e7\u00e3o sem pontas enroladas e sem acumula\u00e7\u00e3o de adesivo. Estas etiquetas Herma oferecem uma ades\u00e3o r\u00e1pida e fi\u00e1vel, mesmo em superf\u00edcies frias e h\u00famidas.<br \/>\nEtiquetas de endere\u00e7o permanentes<br \/>\nCompat\u00edveis com impressoras a laser, impressoras e fotocopiadoras de jato de tinta<br \/>\nBrancura elevada e superf\u00edcie uniforme<br \/>\nEtiquetas mais grossas e extrafortes de colagem f\u00e1cil<br \/>\nProduto amigo do ambiente<br \/>\nPapel de alta qualidade branqueado sem cloro<br \/>\nUtiliza adesivo sem solventes<br \/>\nCertifica\u00e7\u00f5es: PEFC, T\u00dcV S\u00dcD<br \/>\nSolu\u00e7\u00f5es de software gratuito: www.herma.com\/software<br \/>\nFormato da folha: A4<br \/>\nDimens\u00f5es: 99,1 x 57 mm<br \/>\nCor: Branco<\/p>\n","protected":false},"excerpt":{"rendered":"<p>Identifique facilmente qualquer objeto no local de trabalho ou em casa com estas etiquetas de endere\u00e7o extrafortes Herma Premium de elevada brancura. Estas etiquetas multiusos Herma s\u00e3o extrafortes com cola autocolante permanente. As etiquetas foram criadas para uma posi\u00e7\u00e3o plana durante a impress\u00e3o de modo a garantir que n\u00e3o encravam quer imprima em grandes lotes [&hellip;]<\/p>\n","protected":false},"featured_media":5994,"template":"","meta":[],"product_cat":[74],"product_tag":[],"_links":{"self":[{"href":"https:\/\/simoffice.pt\/index.php\/wp-json\/wp\/v2\/product\/5992"}],"collection":[{"href":"https:\/\/simoffice.pt\/index.php\/wp-json\/wp\/v2\/product"}],"about":[{"href":"https:\/\/simoffice.pt\/index.php\/wp-json\/wp\/v2\/types\/product"}],"wp:featuredmedia":[{"embeddable":true,"href":"https:\/\/simoffice.pt\/index.php\/wp-json\/wp\/v2\/media\/5994"}],"wp:attachment":[{"href":"https:\/\/simoffice.pt\/index.php\/wp-json\/wp\/v2\/media?parent=5992"}],"wp:term":[{"taxonomy":"product_cat","embeddable":true,"href":"https:\/\/simoffice.pt\/index.php\/wp-json\/wp\/v2\/product_cat?post=5992"},{"taxonomy":"product_tag","embeddable":true,"href":"https:\/\/simoffice.pt\/index.php\/wp-json\/wp\/v2\/product_tag?post=5992"}],"curies":[{"name":"wp","href":"https:\/\/api.w.org\/{rel}","templated":true}]}}