{"id":5937,"date":"2022-07-04T15:44:24","date_gmt":"2022-07-04T15:44:24","guid":{"rendered":"https:\/\/simoffice.pt\/index.php\/product\/fita-adesiva-ppl-transparente-tesa-4089-50mmx66mts-1un\/"},"modified":"2022-07-04T15:44:30","modified_gmt":"2022-07-04T15:44:30","slug":"fita-adesiva-ppl-transparente-tesa-4089-50mmx66mts-1un","status":"publish","type":"product","link":"https:\/\/simoffice.pt\/index.php\/product\/fita-adesiva-ppl-transparente-tesa-4089-50mmx66mts-1un\/","title":{"rendered":"Fita Adesiva PPL Transparente Tesa 4089 50mmx66mts 1un"},"content":{"rendered":"<p>vSuporte em PP resistente.<br \/>\nAdesivo sem solventes com elevada resist\u00eancia aos UV.<br \/>\nFecha de forma segura gra\u00e7as \u00e0 elevada resist\u00eancia ao rasgo.<br \/>\nDesenrolamento uniforme e pouco ruidoso.<\/p>\n","protected":false},"excerpt":{"rendered":"<p>vSuporte em PP resistente. Adesivo sem solventes com elevada resist\u00eancia aos UV. Fecha de forma segura gra\u00e7as \u00e0 elevada resist\u00eancia ao rasgo. Desenrolamento uniforme e pouco ruidoso.<\/p>\n","protected":false},"featured_media":5938,"template":"","meta":[],"product_cat":[74],"product_tag":[],"_links":{"self":[{"href":"https:\/\/simoffice.pt\/index.php\/wp-json\/wp\/v2\/product\/5937"}],"collection":[{"href":"https:\/\/simoffice.pt\/index.php\/wp-json\/wp\/v2\/product"}],"about":[{"href":"https:\/\/simoffice.pt\/index.php\/wp-json\/wp\/v2\/types\/product"}],"wp:featuredmedia":[{"embeddable":true,"href":"https:\/\/simoffice.pt\/index.php\/wp-json\/wp\/v2\/media\/5938"}],"wp:attachment":[{"href":"https:\/\/simoffice.pt\/index.php\/wp-json\/wp\/v2\/media?parent=5937"}],"wp:term":[{"taxonomy":"product_cat","embeddable":true,"href":"https:\/\/simoffice.pt\/index.php\/wp-json\/wp\/v2\/product_cat?post=5937"},{"taxonomy":"product_tag","embeddable":true,"href":"https:\/\/simoffice.pt\/index.php\/wp-json\/wp\/v2\/product_tag?post=5937"}],"curies":[{"name":"wp","href":"https:\/\/api.w.org\/{rel}","templated":true}]}}