{"id":5926,"date":"2022-07-04T15:43:53","date_gmt":"2022-07-04T15:43:53","guid":{"rendered":"https:\/\/simoffice.pt\/index.php\/product\/agrafador-rapid-f16-20-folhas-azul\/"},"modified":"2022-07-04T15:43:58","modified_gmt":"2022-07-04T15:43:58","slug":"agrafador-rapid-f16-20-folhas-azul","status":"publish","type":"product","link":"https:\/\/simoffice.pt\/index.php\/product\/agrafador-rapid-f16-20-folhas-azul\/","title":{"rendered":"Agrafador Rapid F16 20 Folhas Azul"},"content":{"rendered":"<p>Ideal para utiliza\u00e7\u00e3o escolar ou pequenos escrit\u00f3rios.<\/p>\n","protected":false},"excerpt":{"rendered":"<p>Ideal para utiliza\u00e7\u00e3o escolar ou pequenos escrit\u00f3rios.<\/p>\n","protected":false},"featured_media":5927,"template":"","meta":[],"product_cat":[74],"product_tag":[],"_links":{"self":[{"href":"https:\/\/simoffice.pt\/index.php\/wp-json\/wp\/v2\/product\/5926"}],"collection":[{"href":"https:\/\/simoffice.pt\/index.php\/wp-json\/wp\/v2\/product"}],"about":[{"href":"https:\/\/simoffice.pt\/index.php\/wp-json\/wp\/v2\/types\/product"}],"wp:featuredmedia":[{"embeddable":true,"href":"https:\/\/simoffice.pt\/index.php\/wp-json\/wp\/v2\/media\/5927"}],"wp:attachment":[{"href":"https:\/\/simoffice.pt\/index.php\/wp-json\/wp\/v2\/media?parent=5926"}],"wp:term":[{"taxonomy":"product_cat","embeddable":true,"href":"https:\/\/simoffice.pt\/index.php\/wp-json\/wp\/v2\/product_cat?post=5926"},{"taxonomy":"product_tag","embeddable":true,"href":"https:\/\/simoffice.pt\/index.php\/wp-json\/wp\/v2\/product_tag?post=5926"}],"curies":[{"name":"wp","href":"https:\/\/api.w.org\/{rel}","templated":true}]}}