{"id":5914,"date":"2022-07-04T15:43:17","date_gmt":"2022-07-04T15:43:17","guid":{"rendered":"https:\/\/simoffice.pt\/index.php\/product\/etiquetas-105x148-xerox-100-folhas-a4-400un\/"},"modified":"2022-07-04T15:43:23","modified_gmt":"2022-07-04T15:43:23","slug":"etiquetas-105x148-xerox-100-folhas-a4-400un","status":"publish","type":"product","link":"https:\/\/simoffice.pt\/index.php\/product\/etiquetas-105x148-xerox-100-folhas-a4-400un\/","title":{"rendered":"Etiquetas 105&#215;148 Xerox 100 Folhas A4 400un"},"content":{"rendered":"<p>Etiquetas para impress\u00e3o, v\u00e1rios tamanhos para v\u00e1rias utiliza\u00e7\u00f5es. Para impress\u00e3o em qualquer equipamento inkjet e laser.<\/p>\n","protected":false},"excerpt":{"rendered":"<p>Etiquetas para impress\u00e3o, v\u00e1rios tamanhos para v\u00e1rias utiliza\u00e7\u00f5es. Para impress\u00e3o em qualquer equipamento inkjet e laser.<\/p>\n","protected":false},"featured_media":5915,"template":"","meta":[],"product_cat":[74],"product_tag":[],"_links":{"self":[{"href":"https:\/\/simoffice.pt\/index.php\/wp-json\/wp\/v2\/product\/5914"}],"collection":[{"href":"https:\/\/simoffice.pt\/index.php\/wp-json\/wp\/v2\/product"}],"about":[{"href":"https:\/\/simoffice.pt\/index.php\/wp-json\/wp\/v2\/types\/product"}],"wp:featuredmedia":[{"embeddable":true,"href":"https:\/\/simoffice.pt\/index.php\/wp-json\/wp\/v2\/media\/5915"}],"wp:attachment":[{"href":"https:\/\/simoffice.pt\/index.php\/wp-json\/wp\/v2\/media?parent=5914"}],"wp:term":[{"taxonomy":"product_cat","embeddable":true,"href":"https:\/\/simoffice.pt\/index.php\/wp-json\/wp\/v2\/product_cat?post=5914"},{"taxonomy":"product_tag","embeddable":true,"href":"https:\/\/simoffice.pt\/index.php\/wp-json\/wp\/v2\/product_tag?post=5914"}],"curies":[{"name":"wp","href":"https:\/\/api.w.org\/{rel}","templated":true}]}}