{"id":5912,"date":"2022-07-04T15:43:10","date_gmt":"2022-07-04T15:43:10","guid":{"rendered":"https:\/\/simoffice.pt\/index.php\/product\/etiquetas-210x297-xerox-100-folhas-laser-ink-a4-100un\/"},"modified":"2022-07-04T15:43:15","modified_gmt":"2022-07-04T15:43:15","slug":"etiquetas-210x297-xerox-100-folhas-laser-ink-a4-100un","status":"publish","type":"product","link":"https:\/\/simoffice.pt\/index.php\/product\/etiquetas-210x297-xerox-100-folhas-laser-ink-a4-100un\/","title":{"rendered":"Etiquetas 210&#215;297 Xerox 100 Folhas Laser \/ Ink A4 100un"},"content":{"rendered":"<p>Etiquetas para impress\u00e3o, v\u00e1rios tamanhos para v\u00e1rias utiliza\u00e7\u00f5es. Para impress\u00e3o em qualquer equipamento inkjet e laser.<\/p>\n","protected":false},"excerpt":{"rendered":"<p>Etiquetas para impress\u00e3o, v\u00e1rios tamanhos para v\u00e1rias utiliza\u00e7\u00f5es. Para impress\u00e3o em qualquer equipamento inkjet e laser.<\/p>\n","protected":false},"featured_media":5913,"template":"","meta":[],"product_cat":[74],"product_tag":[],"_links":{"self":[{"href":"https:\/\/simoffice.pt\/index.php\/wp-json\/wp\/v2\/product\/5912"}],"collection":[{"href":"https:\/\/simoffice.pt\/index.php\/wp-json\/wp\/v2\/product"}],"about":[{"href":"https:\/\/simoffice.pt\/index.php\/wp-json\/wp\/v2\/types\/product"}],"wp:featuredmedia":[{"embeddable":true,"href":"https:\/\/simoffice.pt\/index.php\/wp-json\/wp\/v2\/media\/5913"}],"wp:attachment":[{"href":"https:\/\/simoffice.pt\/index.php\/wp-json\/wp\/v2\/media?parent=5912"}],"wp:term":[{"taxonomy":"product_cat","embeddable":true,"href":"https:\/\/simoffice.pt\/index.php\/wp-json\/wp\/v2\/product_cat?post=5912"},{"taxonomy":"product_tag","embeddable":true,"href":"https:\/\/simoffice.pt\/index.php\/wp-json\/wp\/v2\/product_tag?post=5912"}],"curies":[{"name":"wp","href":"https:\/\/api.w.org\/{rel}","templated":true}]}}