{"id":5910,"date":"2022-07-04T15:43:06","date_gmt":"2022-07-04T15:43:06","guid":{"rendered":"https:\/\/simoffice.pt\/index.php\/product\/marcador-permanente-uni-320f-vermelho\/"},"modified":"2022-07-04T15:43:11","modified_gmt":"2022-07-04T15:43:11","slug":"marcador-permanente-uni-320f-vermelho","status":"publish","type":"product","link":"https:\/\/simoffice.pt\/index.php\/product\/marcador-permanente-uni-320f-vermelho\/","title":{"rendered":"Marcador Permanente UNI 320F Vermelho"},"content":{"rendered":"<p>Resistente \u00e0 \u00e1gua<br \/>\nPinta sobre qualquer superficie<br \/>\nTra\u00e7o 1-3mm<\/p>\n","protected":false},"excerpt":{"rendered":"<p>Resistente \u00e0 \u00e1gua Pinta sobre qualquer superficie Tra\u00e7o 1-3mm<\/p>\n","protected":false},"featured_media":5911,"template":"","meta":[],"product_cat":[74],"product_tag":[],"_links":{"self":[{"href":"https:\/\/simoffice.pt\/index.php\/wp-json\/wp\/v2\/product\/5910"}],"collection":[{"href":"https:\/\/simoffice.pt\/index.php\/wp-json\/wp\/v2\/product"}],"about":[{"href":"https:\/\/simoffice.pt\/index.php\/wp-json\/wp\/v2\/types\/product"}],"wp:featuredmedia":[{"embeddable":true,"href":"https:\/\/simoffice.pt\/index.php\/wp-json\/wp\/v2\/media\/5911"}],"wp:attachment":[{"href":"https:\/\/simoffice.pt\/index.php\/wp-json\/wp\/v2\/media?parent=5910"}],"wp:term":[{"taxonomy":"product_cat","embeddable":true,"href":"https:\/\/simoffice.pt\/index.php\/wp-json\/wp\/v2\/product_cat?post=5910"},{"taxonomy":"product_tag","embeddable":true,"href":"https:\/\/simoffice.pt\/index.php\/wp-json\/wp\/v2\/product_tag?post=5910"}],"curies":[{"name":"wp","href":"https:\/\/api.w.org\/{rel}","templated":true}]}}