{"id":5897,"date":"2022-07-04T15:42:24","date_gmt":"2022-07-04T15:42:24","guid":{"rendered":"https:\/\/simoffice.pt\/index.php\/product\/cola-contacto-pattex-bisnaga-50ml\/"},"modified":"2022-07-04T15:42:30","modified_gmt":"2022-07-04T15:42:30","slug":"cola-contacto-pattex-bisnaga-50ml","status":"publish","type":"product","link":"https:\/\/simoffice.pt\/index.php\/product\/cola-contacto-pattex-bisnaga-50ml\/","title":{"rendered":"Cola Contacto PATTEX Bisnaga 50ml"},"content":{"rendered":"<p>Para v\u00e1rios materiais (madeira, corti\u00e7a, couro, borracha, pl\u00e1sticos, metal, t\u00eaxtil, etc). Colagem inst\u00e2ntanea ap\u00f3s 15 minutos.<br \/>\nColagem flex\u00edvel (acompanha as tens\u00f5es dos materiais). Resistente \u00e0 temperatura, excelente resist\u00eancia \u00e0 \u00e1gua e a solu\u00e7\u00f5es \u00e1cidas. <\/p>\n","protected":false},"excerpt":{"rendered":"<p>Para v\u00e1rios materiais (madeira, corti\u00e7a, couro, borracha, pl\u00e1sticos, metal, t\u00eaxtil, etc). Colagem inst\u00e2ntanea ap\u00f3s 15 minutos. Colagem flex\u00edvel (acompanha as tens\u00f5es dos materiais). Resistente \u00e0 temperatura, excelente resist\u00eancia \u00e0 \u00e1gua e a solu\u00e7\u00f5es \u00e1cidas.<\/p>\n","protected":false},"featured_media":5898,"template":"","meta":[],"product_cat":[74],"product_tag":[],"_links":{"self":[{"href":"https:\/\/simoffice.pt\/index.php\/wp-json\/wp\/v2\/product\/5897"}],"collection":[{"href":"https:\/\/simoffice.pt\/index.php\/wp-json\/wp\/v2\/product"}],"about":[{"href":"https:\/\/simoffice.pt\/index.php\/wp-json\/wp\/v2\/types\/product"}],"wp:featuredmedia":[{"embeddable":true,"href":"https:\/\/simoffice.pt\/index.php\/wp-json\/wp\/v2\/media\/5898"}],"wp:attachment":[{"href":"https:\/\/simoffice.pt\/index.php\/wp-json\/wp\/v2\/media?parent=5897"}],"wp:term":[{"taxonomy":"product_cat","embeddable":true,"href":"https:\/\/simoffice.pt\/index.php\/wp-json\/wp\/v2\/product_cat?post=5897"},{"taxonomy":"product_tag","embeddable":true,"href":"https:\/\/simoffice.pt\/index.php\/wp-json\/wp\/v2\/product_tag?post=5897"}],"curies":[{"name":"wp","href":"https:\/\/api.w.org\/{rel}","templated":true}]}}