{"id":5883,"date":"2022-07-04T15:41:44","date_gmt":"2022-07-04T15:41:44","guid":{"rendered":"https:\/\/simoffice.pt\/index.php\/product\/papel-120gr-a4-navigator-colour-document-1x250folhas\/"},"modified":"2022-07-04T15:41:50","modified_gmt":"2022-07-04T15:41:50","slug":"papel-120gr-a4-navigator-colour-document-1x250folhas","status":"publish","type":"product","link":"https:\/\/simoffice.pt\/index.php\/product\/papel-120gr-a4-navigator-colour-document-1x250folhas\/","title":{"rendered":"Papel 120gr A4 Navigator (Colour Document) 1x250Folhas"},"content":{"rendered":"<p>Para todos os seus docmentos a cores de alta resolu\u00e7\u00e3o. Melhore os resultados com excelentes contraste de impress\u00e3o, cores vivas e imagens n\u00edtidas. Adequado para impress\u00f5es frente e verso.<\/p>\n","protected":false},"excerpt":{"rendered":"<p>Para todos os seus docmentos a cores de alta resolu\u00e7\u00e3o. Melhore os resultados com excelentes contraste de impress\u00e3o, cores vivas e imagens n\u00edtidas. Adequado para impress\u00f5es frente e verso.<\/p>\n","protected":false},"featured_media":5884,"template":"","meta":[],"product_cat":[74],"product_tag":[],"_links":{"self":[{"href":"https:\/\/simoffice.pt\/index.php\/wp-json\/wp\/v2\/product\/5883"}],"collection":[{"href":"https:\/\/simoffice.pt\/index.php\/wp-json\/wp\/v2\/product"}],"about":[{"href":"https:\/\/simoffice.pt\/index.php\/wp-json\/wp\/v2\/types\/product"}],"wp:featuredmedia":[{"embeddable":true,"href":"https:\/\/simoffice.pt\/index.php\/wp-json\/wp\/v2\/media\/5884"}],"wp:attachment":[{"href":"https:\/\/simoffice.pt\/index.php\/wp-json\/wp\/v2\/media?parent=5883"}],"wp:term":[{"taxonomy":"product_cat","embeddable":true,"href":"https:\/\/simoffice.pt\/index.php\/wp-json\/wp\/v2\/product_cat?post=5883"},{"taxonomy":"product_tag","embeddable":true,"href":"https:\/\/simoffice.pt\/index.php\/wp-json\/wp\/v2\/product_tag?post=5883"}],"curies":[{"name":"wp","href":"https:\/\/api.w.org\/{rel}","templated":true}]}}