{"id":5847,"date":"2022-07-04T15:39:56","date_gmt":"2022-07-04T15:39:56","guid":{"rendered":"https:\/\/simoffice.pt\/index.php\/product\/plastificadora-a-quente-fellowes-saturn-3i-a4\/"},"modified":"2022-07-04T15:40:02","modified_gmt":"2022-07-04T15:40:02","slug":"plastificadora-a-quente-fellowes-saturn-3i-a4","status":"publish","type":"product","link":"https:\/\/simoffice.pt\/index.php\/product\/plastificadora-a-quente-fellowes-saturn-3i-a4\/","title":{"rendered":"Plastificadora a quente Fellowes Saturn 3i A4"},"content":{"rendered":"<p>Adequada para bolsas at\u00e9 125 microns<br \/>\n2 Rolos de calor<br \/>\nPermite plastificar a frio<br \/>\nTempo de aquecimento: 1 minuto<br \/>\nPlastifica documentos de tamanho A4, largura de plastifica\u00e7\u00e3o 240 mm<br \/>\nVelocidade de plastifica\u00e7\u00e3o de 30 cm\/minuto<br \/>\nUtiliza\u00e7\u00e3o frequente em pequenas empresas<br \/>\nAlt x Larg x Prof &#8211; 105 x 450 x 146<br \/>\nPeso &#8211; 2Kg<\/p>\n","protected":false},"excerpt":{"rendered":"<p>Adequada para bolsas at\u00e9 125 microns 2 Rolos de calor Permite plastificar a frio Tempo de aquecimento: 1 minuto Plastifica documentos de tamanho A4, largura de plastifica\u00e7\u00e3o 240 mm Velocidade de plastifica\u00e7\u00e3o de 30 cm\/minuto Utiliza\u00e7\u00e3o frequente em pequenas empresas Alt x Larg x Prof &#8211; 105 x 450 x 146 Peso &#8211; 2Kg<\/p>\n","protected":false},"featured_media":5848,"template":"","meta":[],"product_cat":[74],"product_tag":[],"_links":{"self":[{"href":"https:\/\/simoffice.pt\/index.php\/wp-json\/wp\/v2\/product\/5847"}],"collection":[{"href":"https:\/\/simoffice.pt\/index.php\/wp-json\/wp\/v2\/product"}],"about":[{"href":"https:\/\/simoffice.pt\/index.php\/wp-json\/wp\/v2\/types\/product"}],"wp:featuredmedia":[{"embeddable":true,"href":"https:\/\/simoffice.pt\/index.php\/wp-json\/wp\/v2\/media\/5848"}],"wp:attachment":[{"href":"https:\/\/simoffice.pt\/index.php\/wp-json\/wp\/v2\/media?parent=5847"}],"wp:term":[{"taxonomy":"product_cat","embeddable":true,"href":"https:\/\/simoffice.pt\/index.php\/wp-json\/wp\/v2\/product_cat?post=5847"},{"taxonomy":"product_tag","embeddable":true,"href":"https:\/\/simoffice.pt\/index.php\/wp-json\/wp\/v2\/product_tag?post=5847"}],"curies":[{"name":"wp","href":"https:\/\/api.w.org\/{rel}","templated":true}]}}