{"id":5822,"date":"2022-07-04T15:38:40","date_gmt":"2022-07-04T15:38:40","guid":{"rendered":"https:\/\/simoffice.pt\/index.php\/product\/marcador-fluorescente-smartd-verde\/"},"modified":"2022-07-04T15:38:46","modified_gmt":"2022-07-04T15:38:46","slug":"marcador-fluorescente-smartd-verde","status":"publish","type":"product","link":"https:\/\/simoffice.pt\/index.php\/product\/marcador-fluorescente-smartd-verde\/","title":{"rendered":"Marcador Fluorescente Smartd verde"},"content":{"rendered":"<p>Ponta Bizelada.<br \/>\nTinta l\u00edquida que evita a secagem r\u00e1pida.<br \/>\n\u00c9 necess\u00e1rio pressionar a ponta para que esta absorva a tinta.<\/p>\n","protected":false},"excerpt":{"rendered":"<p>Ponta Bizelada. Tinta l\u00edquida que evita a secagem r\u00e1pida. \u00c9 necess\u00e1rio pressionar a ponta para que esta absorva a tinta.<\/p>\n","protected":false},"featured_media":5823,"template":"","meta":[],"product_cat":[74],"product_tag":[],"_links":{"self":[{"href":"https:\/\/simoffice.pt\/index.php\/wp-json\/wp\/v2\/product\/5822"}],"collection":[{"href":"https:\/\/simoffice.pt\/index.php\/wp-json\/wp\/v2\/product"}],"about":[{"href":"https:\/\/simoffice.pt\/index.php\/wp-json\/wp\/v2\/types\/product"}],"wp:featuredmedia":[{"embeddable":true,"href":"https:\/\/simoffice.pt\/index.php\/wp-json\/wp\/v2\/media\/5823"}],"wp:attachment":[{"href":"https:\/\/simoffice.pt\/index.php\/wp-json\/wp\/v2\/media?parent=5822"}],"wp:term":[{"taxonomy":"product_cat","embeddable":true,"href":"https:\/\/simoffice.pt\/index.php\/wp-json\/wp\/v2\/product_cat?post=5822"},{"taxonomy":"product_tag","embeddable":true,"href":"https:\/\/simoffice.pt\/index.php\/wp-json\/wp\/v2\/product_tag?post=5822"}],"curies":[{"name":"wp","href":"https:\/\/api.w.org\/{rel}","templated":true}]}}