{"id":5800,"date":"2022-07-04T15:37:31","date_gmt":"2022-07-04T15:37:31","guid":{"rendered":"https:\/\/simoffice.pt\/index.php\/product\/kit-para-quadro-branco-magnetico\/"},"modified":"2022-07-04T15:37:37","modified_gmt":"2022-07-04T15:37:37","slug":"kit-para-quadro-branco-magnetico","status":"publish","type":"product","link":"https:\/\/simoffice.pt\/index.php\/product\/kit-para-quadro-branco-magnetico\/","title":{"rendered":"Kit para quadro Branco Magnetico"},"content":{"rendered":"<p>Kit para quadro Branco Magn\u00e9tico<br \/>\n(4 marcadores de cores variadas,<br \/>\nseis \u00edmanes, apagador magn\u00e9tico<br \/>\ne spray de limpeza de 125ml). <\/p>\n","protected":false},"excerpt":{"rendered":"<p>Kit para quadro Branco Magn\u00e9tico (4 marcadores de cores variadas, seis \u00edmanes, apagador magn\u00e9tico e spray de limpeza de 125ml).<\/p>\n","protected":false},"featured_media":5801,"template":"","meta":[],"product_cat":[74],"product_tag":[],"_links":{"self":[{"href":"https:\/\/simoffice.pt\/index.php\/wp-json\/wp\/v2\/product\/5800"}],"collection":[{"href":"https:\/\/simoffice.pt\/index.php\/wp-json\/wp\/v2\/product"}],"about":[{"href":"https:\/\/simoffice.pt\/index.php\/wp-json\/wp\/v2\/types\/product"}],"wp:featuredmedia":[{"embeddable":true,"href":"https:\/\/simoffice.pt\/index.php\/wp-json\/wp\/v2\/media\/5801"}],"wp:attachment":[{"href":"https:\/\/simoffice.pt\/index.php\/wp-json\/wp\/v2\/media?parent=5800"}],"wp:term":[{"taxonomy":"product_cat","embeddable":true,"href":"https:\/\/simoffice.pt\/index.php\/wp-json\/wp\/v2\/product_cat?post=5800"},{"taxonomy":"product_tag","embeddable":true,"href":"https:\/\/simoffice.pt\/index.php\/wp-json\/wp\/v2\/product_tag?post=5800"}],"curies":[{"name":"wp","href":"https:\/\/api.w.org\/{rel}","templated":true}]}}