{"id":5786,"date":"2022-07-04T15:36:49","date_gmt":"2022-07-04T15:36:49","guid":{"rendered":"https:\/\/simoffice.pt\/index.php\/product\/lapis-carvao-n-2-hb-smartd-cx-12un\/"},"modified":"2022-07-04T15:36:54","modified_gmt":"2022-07-04T15:36:54","slug":"lapis-carvao-n-2-hb-smartd-cx-12un","status":"publish","type":"product","link":"https:\/\/simoffice.pt\/index.php\/product\/lapis-carvao-n-2-hb-smartd-cx-12un\/","title":{"rendered":"Lapis Carvao N-2-HB SmartD Cx 12un"},"content":{"rendered":"<p>Alta qualidade com super-mina de resist\u00eancia \u00e0 quebra.<br \/>\nF\u00e1ceis de apagar e afiar.<\/p>\n","protected":false},"excerpt":{"rendered":"<p>Alta qualidade com super-mina de resist\u00eancia \u00e0 quebra. F\u00e1ceis de apagar e afiar.<\/p>\n","protected":false},"featured_media":5787,"template":"","meta":[],"product_cat":[74],"product_tag":[],"_links":{"self":[{"href":"https:\/\/simoffice.pt\/index.php\/wp-json\/wp\/v2\/product\/5786"}],"collection":[{"href":"https:\/\/simoffice.pt\/index.php\/wp-json\/wp\/v2\/product"}],"about":[{"href":"https:\/\/simoffice.pt\/index.php\/wp-json\/wp\/v2\/types\/product"}],"wp:featuredmedia":[{"embeddable":true,"href":"https:\/\/simoffice.pt\/index.php\/wp-json\/wp\/v2\/media\/5787"}],"wp:attachment":[{"href":"https:\/\/simoffice.pt\/index.php\/wp-json\/wp\/v2\/media?parent=5786"}],"wp:term":[{"taxonomy":"product_cat","embeddable":true,"href":"https:\/\/simoffice.pt\/index.php\/wp-json\/wp\/v2\/product_cat?post=5786"},{"taxonomy":"product_tag","embeddable":true,"href":"https:\/\/simoffice.pt\/index.php\/wp-json\/wp\/v2\/product_tag?post=5786"}],"curies":[{"name":"wp","href":"https:\/\/api.w.org\/{rel}","templated":true}]}}