{"id":5772,"date":"2022-07-04T15:36:09","date_gmt":"2022-07-04T15:36:09","guid":{"rendered":"https:\/\/simoffice.pt\/index.php\/product\/almofada-para-carimbo-reiner-dn53\/"},"modified":"2022-07-04T15:36:15","modified_gmt":"2022-07-04T15:36:15","slug":"almofada-para-carimbo-reiner-dn53","status":"publish","type":"product","link":"https:\/\/simoffice.pt\/index.php\/product\/almofada-para-carimbo-reiner-dn53\/","title":{"rendered":"Almofada para Carimbo Reiner DN53"},"content":{"rendered":"<p>Caixa em pl\u00e1stico e metal.<br \/>\nPara utiliza\u00e7\u00e3o em carimbos n\u00e3o autotint\u00e1veis<\/p>\n","protected":false},"excerpt":{"rendered":"<p>Caixa em pl\u00e1stico e metal. Para utiliza\u00e7\u00e3o em carimbos n\u00e3o autotint\u00e1veis<\/p>\n","protected":false},"featured_media":5773,"template":"","meta":[],"product_cat":[74],"product_tag":[],"_links":{"self":[{"href":"https:\/\/simoffice.pt\/index.php\/wp-json\/wp\/v2\/product\/5772"}],"collection":[{"href":"https:\/\/simoffice.pt\/index.php\/wp-json\/wp\/v2\/product"}],"about":[{"href":"https:\/\/simoffice.pt\/index.php\/wp-json\/wp\/v2\/types\/product"}],"wp:featuredmedia":[{"embeddable":true,"href":"https:\/\/simoffice.pt\/index.php\/wp-json\/wp\/v2\/media\/5773"}],"wp:attachment":[{"href":"https:\/\/simoffice.pt\/index.php\/wp-json\/wp\/v2\/media?parent=5772"}],"wp:term":[{"taxonomy":"product_cat","embeddable":true,"href":"https:\/\/simoffice.pt\/index.php\/wp-json\/wp\/v2\/product_cat?post=5772"},{"taxonomy":"product_tag","embeddable":true,"href":"https:\/\/simoffice.pt\/index.php\/wp-json\/wp\/v2\/product_tag?post=5772"}],"curies":[{"name":"wp","href":"https:\/\/api.w.org\/{rel}","templated":true}]}}