{"id":5770,"date":"2022-07-04T15:36:01","date_gmt":"2022-07-04T15:36:01","guid":{"rendered":"https:\/\/simoffice.pt\/index.php\/product\/fixadores-uhu-tac-branco-massa-adesiva-para-posters\/"},"modified":"2022-07-04T15:36:07","modified_gmt":"2022-07-04T15:36:07","slug":"fixadores-uhu-tac-branco-massa-adesiva-para-posters","status":"publish","type":"product","link":"https:\/\/simoffice.pt\/index.php\/product\/fixadores-uhu-tac-branco-massa-adesiva-para-posters\/","title":{"rendered":"Fixadores UHU Tac Branco (Massa Adesiva para Posters)"},"content":{"rendered":"<p>Adesivos, permitem fixar r\u00e1pidamente objectos leves (posters, desenhos, fotografias, calend\u00e1rios, cart\u00f5es telefones, etc). Remov\u00edveis e reutiliz\u00e1veis, n\u00e3o danificam as superf\u00edcies.<br \/>\nDivididas em pequenas por\u00e7\u00f5es.<\/p>\n","protected":false},"excerpt":{"rendered":"<p>Adesivos, permitem fixar r\u00e1pidamente objectos leves (posters, desenhos, fotografias, calend\u00e1rios, cart\u00f5es telefones, etc). Remov\u00edveis e reutiliz\u00e1veis, n\u00e3o danificam as superf\u00edcies. Divididas em pequenas por\u00e7\u00f5es.<\/p>\n","protected":false},"featured_media":5771,"template":"","meta":[],"product_cat":[74],"product_tag":[],"_links":{"self":[{"href":"https:\/\/simoffice.pt\/index.php\/wp-json\/wp\/v2\/product\/5770"}],"collection":[{"href":"https:\/\/simoffice.pt\/index.php\/wp-json\/wp\/v2\/product"}],"about":[{"href":"https:\/\/simoffice.pt\/index.php\/wp-json\/wp\/v2\/types\/product"}],"wp:featuredmedia":[{"embeddable":true,"href":"https:\/\/simoffice.pt\/index.php\/wp-json\/wp\/v2\/media\/5771"}],"wp:attachment":[{"href":"https:\/\/simoffice.pt\/index.php\/wp-json\/wp\/v2\/media?parent=5770"}],"wp:term":[{"taxonomy":"product_cat","embeddable":true,"href":"https:\/\/simoffice.pt\/index.php\/wp-json\/wp\/v2\/product_cat?post=5770"},{"taxonomy":"product_tag","embeddable":true,"href":"https:\/\/simoffice.pt\/index.php\/wp-json\/wp\/v2\/product_tag?post=5770"}],"curies":[{"name":"wp","href":"https:\/\/api.w.org\/{rel}","templated":true}]}}