{"id":5764,"date":"2022-07-04T15:35:45","date_gmt":"2022-07-04T15:35:45","guid":{"rendered":"https:\/\/simoffice.pt\/index.php\/product\/kingston-pen-drive-8gb-datatraveler-50-usb-3-0-metal-purple\/"},"modified":"2022-07-04T15:35:51","modified_gmt":"2022-07-04T15:35:51","slug":"kingston-pen-drive-8gb-datatraveler-50-usb-3-0-metal-purple","status":"publish","type":"product","link":"https:\/\/simoffice.pt\/index.php\/product\/kingston-pen-drive-8gb-datatraveler-50-usb-3-0-metal-purple\/","title":{"rendered":"Kingston Pen Drive 8GB DataTraveler 50 USB 3.0 Metal\/Purple"},"content":{"rendered":"<p>Pesos e dimens\u00f5es<br \/>\nLargura do produto 4,49 cm<br \/>\nProfundidade da Unidade 9,2 mm<br \/>\nAltura da Unidade 2 cm<br \/>\nCondi\u00e7\u00f5es ambientais<br \/>\nTemperatura ambiente 0 &#8211; 65 \u00b0C<br \/>\nLimite de temperaturas (armazenamento) -20 &#8211; 85 \u00b0C<br \/>\nEmbalagem<br \/>\nQuantidade 1<br \/>\nTipo de embalagem Pl\u00e1stico de bolhas<br \/>\nDesign<br \/>\nEstrutura Sem tampa<br \/>\nCor da caixa Roxo, Prateado<br \/>\nMaterial Metal<br \/>\nAprova\u00e7\u00f5es Regulamentares FCC, VCI<br \/>\nDesempenho<br \/>\nCapacidade 8 GB<br \/>\nProte\u00e7\u00e3o  de palavra-chave<br \/>\nPIN-acesso seguro<br \/>\nVers\u00e3o USB USB 3.0 (3.1 Gen 1)<br \/>\nUSB connector Type-A<br \/>\nConector lightning<br \/>\nConetor Micro-USB<br \/>\nLeitor de impress\u00f5es digitais<br \/>\nVelocidade de leitura (USB 3.0 (3.1 Gen 1)) 30 MB\/s<br \/>\nVelocidade de escrita (USB 3.0 (3.1 Gen 1)) 5 MB\/s<br \/>\nOutro sistema operativo suportado Cromo<br \/>\nSistema operativo Windows suportado Windows 10 Education, Windows 10 Education x64, Windows 10 Enterprise, Windows 10 Enterprise x64, Windows 10 Home, Windows 10 Home x64, Windows 10 Pro, Windows 10 Pro x64, Windows 7 Enterprise, Windows 7 Enterprise x64, Windows 7 Home Basic, Windows 7 Home Basic x64, Windows 7 Home Premium, Windows 7 Home Premium x64, Windows 7 Professional, Windows 7 Professional x64, Windows 7 Starter, Windows 7 Starter x64, Windows 7 Ultimate, Windows 7 Ultimate x64, Windows 8, Windows 8 Enterprise, Window&#8230;<br \/>\nSistema operativo Mac suportado Mac OS X 10.10 Yosemite, Mac OS X 10.11 El Capitan, Mac OS X 10.8 Mountain Lion, Mac OS X 10.9 Mavericks<br \/>\nSistema operativo Linux suportado <\/p>\n","protected":false},"excerpt":{"rendered":"<p>Pesos e dimens\u00f5es Largura do produto 4,49 cm Profundidade da Unidade 9,2 mm Altura da Unidade 2 cm Condi\u00e7\u00f5es ambientais Temperatura ambiente 0 &#8211; 65 \u00b0C Limite de temperaturas (armazenamento) -20 &#8211; 85 \u00b0C Embalagem Quantidade 1 Tipo de embalagem Pl\u00e1stico de bolhas Design Estrutura Sem tampa Cor da caixa Roxo, Prateado Material Metal Aprova\u00e7\u00f5es [&hellip;]<\/p>\n","protected":false},"featured_media":5765,"template":"","meta":[],"product_cat":[75],"product_tag":[],"_links":{"self":[{"href":"https:\/\/simoffice.pt\/index.php\/wp-json\/wp\/v2\/product\/5764"}],"collection":[{"href":"https:\/\/simoffice.pt\/index.php\/wp-json\/wp\/v2\/product"}],"about":[{"href":"https:\/\/simoffice.pt\/index.php\/wp-json\/wp\/v2\/types\/product"}],"wp:featuredmedia":[{"embeddable":true,"href":"https:\/\/simoffice.pt\/index.php\/wp-json\/wp\/v2\/media\/5765"}],"wp:attachment":[{"href":"https:\/\/simoffice.pt\/index.php\/wp-json\/wp\/v2\/media?parent=5764"}],"wp:term":[{"taxonomy":"product_cat","embeddable":true,"href":"https:\/\/simoffice.pt\/index.php\/wp-json\/wp\/v2\/product_cat?post=5764"},{"taxonomy":"product_tag","embeddable":true,"href":"https:\/\/simoffice.pt\/index.php\/wp-json\/wp\/v2\/product_tag?post=5764"}],"curies":[{"name":"wp","href":"https:\/\/api.w.org\/{rel}","templated":true}]}}