{"id":5758,"date":"2022-07-04T15:35:26","date_gmt":"2022-07-04T15:35:26","guid":{"rendered":"https:\/\/simoffice.pt\/index.php\/product\/tp-link-switch-sf1008d\/"},"modified":"2022-07-04T15:35:32","modified_gmt":"2022-07-04T15:35:32","slug":"tp-link-switch-sf1008d","status":"publish","type":"product","link":"https:\/\/simoffice.pt\/index.php\/product\/tp-link-switch-sf1008d\/","title":{"rendered":"TP-Link Switch  SF1008D"},"content":{"rendered":"<p>SWITCH 8 portas 10\/100Mbps TP-Link TL-SF1008D, Auto MDI-MDIX, Auto negocia\u00e7\u00e3o de velocidade, modo duplex e controlo de fluxo de dados. Tabela de Endere\u00e7os MAC de 1K com aprendizagem e envelhecimento autom\u00e1tico.Capacidade de processamento de 1,6Gbps para comunica\u00e7\u00e3o sem atrasos. Caixa pl\u00e1stica<\/p>\n","protected":false},"excerpt":{"rendered":"<p>SWITCH 8 portas 10\/100Mbps TP-Link TL-SF1008D, Auto MDI-MDIX, Auto negocia\u00e7\u00e3o de velocidade, modo duplex e controlo de fluxo de dados. Tabela de Endere\u00e7os MAC de 1K com aprendizagem e envelhecimento autom\u00e1tico.Capacidade de processamento de 1,6Gbps para comunica\u00e7\u00e3o sem atrasos. Caixa pl\u00e1stica<\/p>\n","protected":false},"featured_media":5759,"template":"","meta":[],"product_cat":[75],"product_tag":[],"_links":{"self":[{"href":"https:\/\/simoffice.pt\/index.php\/wp-json\/wp\/v2\/product\/5758"}],"collection":[{"href":"https:\/\/simoffice.pt\/index.php\/wp-json\/wp\/v2\/product"}],"about":[{"href":"https:\/\/simoffice.pt\/index.php\/wp-json\/wp\/v2\/types\/product"}],"wp:featuredmedia":[{"embeddable":true,"href":"https:\/\/simoffice.pt\/index.php\/wp-json\/wp\/v2\/media\/5759"}],"wp:attachment":[{"href":"https:\/\/simoffice.pt\/index.php\/wp-json\/wp\/v2\/media?parent=5758"}],"wp:term":[{"taxonomy":"product_cat","embeddable":true,"href":"https:\/\/simoffice.pt\/index.php\/wp-json\/wp\/v2\/product_cat?post=5758"},{"taxonomy":"product_tag","embeddable":true,"href":"https:\/\/simoffice.pt\/index.php\/wp-json\/wp\/v2\/product_tag?post=5758"}],"curies":[{"name":"wp","href":"https:\/\/api.w.org\/{rel}","templated":true}]}}