{"id":5750,"date":"2022-07-04T15:35:02","date_gmt":"2022-07-04T15:35:02","guid":{"rendered":"https:\/\/simoffice.pt\/index.php\/product\/hp-deskjet-3735-all-in-one-printer\/"},"modified":"2022-07-04T15:35:08","modified_gmt":"2022-07-04T15:35:08","slug":"hp-deskjet-3735-all-in-one-printer","status":"publish","type":"product","link":"https:\/\/simoffice.pt\/index.php\/product\/hp-deskjet-3735-all-in-one-printer\/","title":{"rendered":"HP DeskJet 3735 All-in-One Printer"},"content":{"rendered":"<p>Monitores<br \/>\nVisor LCD<br \/>\nVisor incorporado<br \/>\nConectividade<br \/>\nImpress\u00e3o directa<br \/>\nInterfaces standard USB 2.0, LAN Wireless<br \/>\nQuantidade de portas USB 2.0 1<br \/>\nPesos e dimens\u00f5es<br \/>\nLargura do produto 403 mm<br \/>\nProfundidade da Unidade 177 mm<br \/>\nAltura da Unidade 141 mm<br \/>\nPeso do produto 2,33 kg<br \/>\nVelocidade de impress\u00e3o<br \/>\nResolu\u00e7\u00e3o M\u00e1xima 4800 x 1200 DPI<br \/>\nIdiomas de s\u00e9rie de impressora PCL 3<br \/>\nVelocidade de impress\u00e3o (preto, qualidade normal, 8 ppm<br \/>\nVelocidade de impress\u00e3o (cores, qualidade normal, 5,5 ppm<br \/>\nPrimeira p\u00e1gina a sair (preto, A4) 15 s<br \/>\nPrimeira p\u00e1gina a sair (cores, US letter) 18 s<br \/>\nVelocidade de impress\u00e3o (preto, qualidade de rascu 19 ppm<br \/>\nVelocidade de impress\u00e3o (cores, qualidade de rascu 15 ppm<br \/>\nCapacidade de sa\u00edda<br \/>\nCapacidade standard de sa\u00edda (folhas) 25 folhas<br \/>\nCapacidade de entrada<br \/>\nTipo de entrada de papel Bandeja de papel<br \/>\nN\u00famero de inputs de papel 1<br \/>\nCapacidade standard de entrada (folhas) 60 folhas<br \/>\nN\u00famero m\u00e1ximo de inputs de papel 1<br \/>\nDigitaliza\u00e7\u00e3o<br \/>\n\u00c1rea m\u00e1xima de scan 216 x 355 mm<br \/>\nTipo de digitaliza\u00e7\u00e3o ADF<br \/>\nTecnologia de digitaliza\u00e7\u00e3o CIS<br \/>\nProfundidade de entrada de cor 24 bit<br \/>\nN\u00edveis de cinza 256<br \/>\nVers\u00e3o TWAIN 2.1<br \/>\nResolu\u00e7\u00e3o \u00f3ptica de digitaliza\u00e7\u00e3o 600 x 600 DPI<br \/>\nFormato de compress\u00e3o de imagens BMP,JPG,PNG,TIF<br \/>\nFormatos de documentos suportados PDF,RTF,TXT<br \/>\nCopiando<br \/>\nN\u00famero m\u00e1ximo de c\u00f3pias 9 c\u00f3pias<br \/>\nResolu\u00e7\u00e3o de c\u00f3pia m\u00e1xima 300 x 300 DPI<br \/>\nVelocidade de c\u00f3pia (preto, qualidade normal, A4) 4 cpm<br \/>\nVelocidade de c\u00f3pia (cores, qualidade normal, A4) 2,5 cpm<br \/>\nGest\u00e3o de energia<br \/>\nConsumo de energia (desligado) 0,06 W<br \/>\nVoltagem de entrada de AC 200 &#8211; 240<br \/>\nFrequ\u00eancia de entrada AC 50\/60<br \/>\nModo Sleep (adormecer) 0,69 W<br \/>\nConsumo de energia em modo de espera 2,2 W<br \/>\nCondi\u00e7\u00f5es ambientais<br \/>\nGama de humidade relativa 20 &#8211; 80%<br \/>\nTemperatura ambiente 5 &#8211; 40 \u00b0C<br \/>\nRede<br \/>\nEthernet LAN<br \/>\nPadr\u00f5es Wi-Fi IEEE 802.11b,IEEE 802.11g,IEEE 802.11n<br \/>\nTecnologia de impress\u00e3o m\u00f3vel Apple AirPrint,HP ePrint<br \/>\nWi-Fi<br \/>\nManipula\u00e7\u00e3o de papel<br \/>\nTamanhos ISO s\u00e9rie A (A0\u2026A9) A4,A6<br \/>\nTamanhos ISO s\u00e9rie B (B0&#8230;B9) B5<br \/>\nTamanhos de envelope DL<br \/>\nDimens\u00e3o m\u00e1xima de papel ISO A-series A4<br \/>\nTipos de suporte de impress\u00e3o Envelopes, Papel brilhante, papel Matte, Papel de fotografia, Papel em branco<br \/>\nM\u00eddia de armazenamento<br \/>\nMem\u00f3ria interna m\u00e1xima 64 MB<br \/>\nLeitor de cart\u00f5es integrado<br \/>\nCapacidade da mem\u00f3ria incorporada 64 MB<br \/>\nAprova\u00e7\u00e3o regulamentar<br \/>\nCom certifica\u00e7\u00e3o Energy Star<br \/>\nDesign<br \/>\nCor da caixa Verde, Branco<br \/>\nDesempenho<br \/>\nTecnologia de impress\u00e3o Jato de tinta t\u00e9rmico<br \/>\nImpress\u00e3o Impress\u00e3o a cores<br \/>\nC\u00f3pia C\u00f3pia a cores<br \/>\nDigitaliza\u00e7\u00e3o Digitaliza\u00e7\u00e3o a cores<br \/>\nEnvio de fax<br \/>\nFun\u00e7\u00f5es duplex N\u00e3o suportado<br \/>\nFactor de ciclo (recomendado) 50 &#8211; 200 p\u00e1ginas por m\u00eas<br \/>\nModos de impress\u00e3o duplex Manual<br \/>\nProcessador built-in<br \/>\nN\u00famero de tinteiros 2<br \/>\nEnvio de documentos<br \/>\nMulti-tarefas Tudo-Em-Um<br \/>\nFrequ\u00eancia do processador 360 MHz<br \/>\nVolume mensal de p\u00e1ginas recomendado 1000 p\u00e1ginas por m\u00eas<br \/>\nCor(es) dos cartuchos de impress\u00e3o Preto, Ciano, Magenta, Amarelo<br \/>\nSoftware<br \/>\nSistema operativo Windows suportado<br \/>\nSistema operativo Mac suportado Mac OS X 10.10 Yosemite,Mac OS X 10.11 El Capitan,Mac OS X 10.9 Mavericks<br \/>\nSistemas operativos m\u00f3veis suportados Android, BlackBerry OS, Symbian, Windows 10 Mobile, Windows Phone 8, Windows RT, iOS <\/p>\n","protected":false},"excerpt":{"rendered":"<p>Monitores Visor LCD Visor incorporado Conectividade Impress\u00e3o directa Interfaces standard USB 2.0, LAN Wireless Quantidade de portas USB 2.0 1 Pesos e dimens\u00f5es Largura do produto 403 mm Profundidade da Unidade 177 mm Altura da Unidade 141 mm Peso do produto 2,33 kg Velocidade de impress\u00e3o Resolu\u00e7\u00e3o M\u00e1xima 4800 x 1200 DPI Idiomas de s\u00e9rie [&hellip;]<\/p>\n","protected":false},"featured_media":5751,"template":"","meta":[],"product_cat":[75],"product_tag":[],"_links":{"self":[{"href":"https:\/\/simoffice.pt\/index.php\/wp-json\/wp\/v2\/product\/5750"}],"collection":[{"href":"https:\/\/simoffice.pt\/index.php\/wp-json\/wp\/v2\/product"}],"about":[{"href":"https:\/\/simoffice.pt\/index.php\/wp-json\/wp\/v2\/types\/product"}],"wp:featuredmedia":[{"embeddable":true,"href":"https:\/\/simoffice.pt\/index.php\/wp-json\/wp\/v2\/media\/5751"}],"wp:attachment":[{"href":"https:\/\/simoffice.pt\/index.php\/wp-json\/wp\/v2\/media?parent=5750"}],"wp:term":[{"taxonomy":"product_cat","embeddable":true,"href":"https:\/\/simoffice.pt\/index.php\/wp-json\/wp\/v2\/product_cat?post=5750"},{"taxonomy":"product_tag","embeddable":true,"href":"https:\/\/simoffice.pt\/index.php\/wp-json\/wp\/v2\/product_tag?post=5750"}],"curies":[{"name":"wp","href":"https:\/\/api.w.org\/{rel}","templated":true}]}}