{"id":5748,"date":"2022-07-04T15:34:58","date_gmt":"2022-07-04T15:34:58","guid":{"rendered":"https:\/\/simoffice.pt\/index.php\/product\/destruidor-rexel-mod-style\/"},"modified":"2022-07-04T15:35:04","modified_gmt":"2022-07-04T15:35:04","slug":"destruidor-rexel-mod-style","status":"publish","type":"product","link":"https:\/\/simoffice.pt\/index.php\/product\/destruidor-rexel-mod-style\/","title":{"rendered":"Destruidor rexel Mod. Style +"},"content":{"rendered":"<p>N\u00edvel de Seguran\u00e7a: P4 (Corte em Part\u00edculas)<br \/>\nTamanho dos res\u00edduos: 4&#215;35 mm.<br \/>\nCapacidade do dep\u00f3sito dos res\u00edduos: 12 litros (80 folhas)<br \/>\nCapacidade do destrui\u00e7\u00e3o (folhas): 7<br \/>\nAgrafes e clips: v<br \/>\nCart\u00f5es de cr\u00e9dito: v<br \/>\nDimens\u00f5es (A x L x P) mm.: 430 x 258 x 428<br \/>\nLubrificante: Folhas lubrificantes Rexel 12 unidades (2101948)<\/p>\n","protected":false},"excerpt":{"rendered":"<p>N\u00edvel de Seguran\u00e7a: P4 (Corte em Part\u00edculas) Tamanho dos res\u00edduos: 4&#215;35 mm. Capacidade do dep\u00f3sito dos res\u00edduos: 12 litros (80 folhas) Capacidade do destrui\u00e7\u00e3o (folhas): 7 Agrafes e clips: v Cart\u00f5es de cr\u00e9dito: v Dimens\u00f5es (A x L x P) mm.: 430 x 258 x 428 Lubrificante: Folhas lubrificantes Rexel 12 unidades (2101948)<\/p>\n","protected":false},"featured_media":5749,"template":"","meta":[],"product_cat":[74],"product_tag":[],"_links":{"self":[{"href":"https:\/\/simoffice.pt\/index.php\/wp-json\/wp\/v2\/product\/5748"}],"collection":[{"href":"https:\/\/simoffice.pt\/index.php\/wp-json\/wp\/v2\/product"}],"about":[{"href":"https:\/\/simoffice.pt\/index.php\/wp-json\/wp\/v2\/types\/product"}],"wp:featuredmedia":[{"embeddable":true,"href":"https:\/\/simoffice.pt\/index.php\/wp-json\/wp\/v2\/media\/5749"}],"wp:attachment":[{"href":"https:\/\/simoffice.pt\/index.php\/wp-json\/wp\/v2\/media?parent=5748"}],"wp:term":[{"taxonomy":"product_cat","embeddable":true,"href":"https:\/\/simoffice.pt\/index.php\/wp-json\/wp\/v2\/product_cat?post=5748"},{"taxonomy":"product_tag","embeddable":true,"href":"https:\/\/simoffice.pt\/index.php\/wp-json\/wp\/v2\/product_tag?post=5748"}],"curies":[{"name":"wp","href":"https:\/\/api.w.org\/{rel}","templated":true}]}}