{"id":5746,"date":"2022-07-04T15:34:50","date_gmt":"2022-07-04T15:34:50","guid":{"rendered":"https:\/\/simoffice.pt\/index.php\/product\/microsoft-wireless-desktop-3050\/"},"modified":"2022-07-04T15:34:56","modified_gmt":"2022-07-04T15:34:56","slug":"microsoft-wireless-desktop-3050","status":"publish","type":"product","link":"https:\/\/simoffice.pt\/index.php\/product\/microsoft-wireless-desktop-3050\/","title":{"rendered":"Microsoft Wireless Desktop 3050"},"content":{"rendered":"<p>Conectividade<br \/>\nTecnologia de Transmiss\u00e3o \u00d3ptico &#8211; (tecnologia de detec\u00e7\u00e3o de movimento : Blue TracK)<br \/>\nRoda de Deslocamento Scroll<br \/>\nResolu\u00e7\u00e3o 8000 DPI dpi<br \/>\nBot\u00f5es 3 bot\u00f5es com Scroll<br \/>\nAmbidextro<br \/>\nRato<br \/>\nSem Fios<br \/>\nTeclas Multim\u00e9dia Teclas Windows<br \/>\nApoio para a palma das m\u00e3os (amov\u00edvel)<br \/>\nOutras caracter\u00edsticas<br \/>\nTeclado num\u00e9rico<br \/>\nFactor de forma : Standard<br \/>\nVida \u00fatil das chaves operativas : 20 milh\u00f5es<br \/>\nLayout do teclado : QWERTY<br \/>\nTeclado<br \/>\nInterface Receptor wireless USB<br \/>\nReceptor RF Wireless &#8211; 2.4 Ghz<br \/>\nGeral<br \/>\nDimens\u00f5es (al x la x pr) rato (LxPxA) : 70,25 x 116,7 x 42,2 mm \/ teclado (LxPxA) : 467 x 199 x 27,2 mm \/ receptor (LxPxA) 15,75 x 46,54 x 7,85 mm<br \/>\nPesos &amp; Dimens\u00f5es<br \/>\nDimens\u00f5es (al x la x pr) rato (LxPxA) : 70,25 x 116,7 x 42,2 mm \/ teclado (LxPxA) : 467 x 199 x 27,2 mm \/ receptor (LxPxA) 15,75 x 46,54 x 7,85 mm<br \/>\nGeral<br \/>\nPeso receptor : 5 gr kg<br \/>\nPesos &amp; Dimens\u00f5es<br \/>\nPeso receptor : 5 gr kg<br \/>\nGeral<br \/>\nPeso do Rato 152 gr<br \/>\nPesos &amp; Dimens\u00f5es<br \/>\nPeso do Rato 152 gr<br \/>\nGeral<br \/>\nPeso do Teclado 829 gr<br \/>\nPesos &amp; Dimens\u00f5es<br \/>\nPeso do Teclado 829 gr<br \/>\nGest\u00e3o de Energia<br \/>\nAlimenta\u00e7\u00e3o Pilhas AAA (2) &#8211; teclado e rato <\/p>\n","protected":false},"excerpt":{"rendered":"<p>Conectividade Tecnologia de Transmiss\u00e3o \u00d3ptico &#8211; (tecnologia de detec\u00e7\u00e3o de movimento : Blue TracK) Roda de Deslocamento Scroll Resolu\u00e7\u00e3o 8000 DPI dpi Bot\u00f5es 3 bot\u00f5es com Scroll Ambidextro Rato Sem Fios Teclas Multim\u00e9dia Teclas Windows Apoio para a palma das m\u00e3os (amov\u00edvel) Outras caracter\u00edsticas Teclado num\u00e9rico Factor de forma : Standard Vida \u00fatil das chaves [&hellip;]<\/p>\n","protected":false},"featured_media":5747,"template":"","meta":[],"product_cat":[72],"product_tag":[],"_links":{"self":[{"href":"https:\/\/simoffice.pt\/index.php\/wp-json\/wp\/v2\/product\/5746"}],"collection":[{"href":"https:\/\/simoffice.pt\/index.php\/wp-json\/wp\/v2\/product"}],"about":[{"href":"https:\/\/simoffice.pt\/index.php\/wp-json\/wp\/v2\/types\/product"}],"wp:featuredmedia":[{"embeddable":true,"href":"https:\/\/simoffice.pt\/index.php\/wp-json\/wp\/v2\/media\/5747"}],"wp:attachment":[{"href":"https:\/\/simoffice.pt\/index.php\/wp-json\/wp\/v2\/media?parent=5746"}],"wp:term":[{"taxonomy":"product_cat","embeddable":true,"href":"https:\/\/simoffice.pt\/index.php\/wp-json\/wp\/v2\/product_cat?post=5746"},{"taxonomy":"product_tag","embeddable":true,"href":"https:\/\/simoffice.pt\/index.php\/wp-json\/wp\/v2\/product_tag?post=5746"}],"curies":[{"name":"wp","href":"https:\/\/api.w.org\/{rel}","templated":true}]}}