{"id":5739,"date":"2022-07-04T15:34:29","date_gmt":"2022-07-04T15:34:29","guid":{"rendered":"https:\/\/simoffice.pt\/index.php\/product\/ddigital-monitor-10-c-ligacao-av-hdmi-svideo-vga-1088\/"},"modified":"2022-07-04T15:34:35","modified_gmt":"2022-07-04T15:34:35","slug":"ddigital-monitor-10-c-ligacao-av-hdmi-svideo-vga-1088","status":"publish","type":"product","link":"https:\/\/simoffice.pt\/index.php\/product\/ddigital-monitor-10-c-ligacao-av-hdmi-svideo-vga-1088\/","title":{"rendered":"DDigital Monitor 10&#8243; c\/liga\u00e7\u00e3o AV\/HDMI\/SVIDEO\/VGA-1088"},"content":{"rendered":"<p>Resolu\u00e7\u00e3o 800 x 600 @60Hz<br \/>\nEcr\u00e3 t\u00e1ctil N\u00e3o<br \/>\nR\u00e1cio de aspecto 4:3<br \/>\nFrequ\u00eancia 50\/60 Hz<br \/>\nLuminosidade 200 nits<br \/>\nVoltagem de entrada do adaptador AC 100 &#8211; 240V<br \/>\nHDMI Sim<br \/>\n\u00c2ngulo de vis\u00e3o (horizontal) 80\u00ba<br \/>\n\u00c2ngulo de vis\u00e3o (vertical) 160\u00ba<br \/>\nCores do ecr\u00e3 16.7M<br \/>\nTempo de resposta (t\u00edpico) 8 ms<br \/>\nTamanho do ecr\u00e3 na diagonal (pol.) 25,4 cm (10&#8243;)<br \/>\nVGA Sim<br \/>\nVESA 100 x 100<br \/>\nConsumo &amp;gt 30W<br \/>\nContraste 600:1<\/p>\n","protected":false},"excerpt":{"rendered":"<p>Resolu\u00e7\u00e3o 800 x 600 @60Hz Ecr\u00e3 t\u00e1ctil N\u00e3o R\u00e1cio de aspecto 4:3 Frequ\u00eancia 50\/60 Hz Luminosidade 200 nits Voltagem de entrada do adaptador AC 100 &#8211; 240V HDMI Sim \u00c2ngulo de vis\u00e3o (horizontal) 80\u00ba \u00c2ngulo de vis\u00e3o (vertical) 160\u00ba Cores do ecr\u00e3 16.7M Tempo de resposta (t\u00edpico) 8 ms Tamanho do ecr\u00e3 na diagonal (pol.) [&hellip;]<\/p>\n","protected":false},"featured_media":5740,"template":"","meta":[],"product_cat":[75],"product_tag":[],"_links":{"self":[{"href":"https:\/\/simoffice.pt\/index.php\/wp-json\/wp\/v2\/product\/5739"}],"collection":[{"href":"https:\/\/simoffice.pt\/index.php\/wp-json\/wp\/v2\/product"}],"about":[{"href":"https:\/\/simoffice.pt\/index.php\/wp-json\/wp\/v2\/types\/product"}],"wp:featuredmedia":[{"embeddable":true,"href":"https:\/\/simoffice.pt\/index.php\/wp-json\/wp\/v2\/media\/5740"}],"wp:attachment":[{"href":"https:\/\/simoffice.pt\/index.php\/wp-json\/wp\/v2\/media?parent=5739"}],"wp:term":[{"taxonomy":"product_cat","embeddable":true,"href":"https:\/\/simoffice.pt\/index.php\/wp-json\/wp\/v2\/product_cat?post=5739"},{"taxonomy":"product_tag","embeddable":true,"href":"https:\/\/simoffice.pt\/index.php\/wp-json\/wp\/v2\/product_tag?post=5739"}],"curies":[{"name":"wp","href":"https:\/\/api.w.org\/{rel}","templated":true}]}}