{"id":5735,"date":"2022-07-04T15:34:15","date_gmt":"2022-07-04T15:34:15","guid":{"rendered":"https:\/\/simoffice.pt\/index.php\/product\/bloco-de-notas-moleskine-14x9-liso\/"},"modified":"2022-07-04T15:34:25","modified_gmt":"2022-07-04T15:34:25","slug":"bloco-de-notas-moleskine-14x9-liso","status":"publish","type":"product","link":"https:\/\/simoffice.pt\/index.php\/product\/bloco-de-notas-moleskine-14x9-liso\/","title":{"rendered":"Bloco de notas Moleskine 14&#215;9 Liso"},"content":{"rendered":"<p>Fecho com el\u00e1stico, f\u00e1cil transporte e arruma\u00e7\u00e3o, 192 p\u00e1ginas lisas, capa de cart\u00e3o duro, resistente ao uso intenso.<br \/>\nMarca: Moleskine<br \/>\nTipo: Bloco Notas<\/p>\n","protected":false},"excerpt":{"rendered":"<p>Fecho com el\u00e1stico, f\u00e1cil transporte e arruma\u00e7\u00e3o, 192 p\u00e1ginas lisas, capa de cart\u00e3o duro, resistente ao uso intenso. Marca: Moleskine Tipo: Bloco Notas<\/p>\n","protected":false},"featured_media":5737,"template":"","meta":[],"product_cat":[74],"product_tag":[],"_links":{"self":[{"href":"https:\/\/simoffice.pt\/index.php\/wp-json\/wp\/v2\/product\/5735"}],"collection":[{"href":"https:\/\/simoffice.pt\/index.php\/wp-json\/wp\/v2\/product"}],"about":[{"href":"https:\/\/simoffice.pt\/index.php\/wp-json\/wp\/v2\/types\/product"}],"wp:featuredmedia":[{"embeddable":true,"href":"https:\/\/simoffice.pt\/index.php\/wp-json\/wp\/v2\/media\/5737"}],"wp:attachment":[{"href":"https:\/\/simoffice.pt\/index.php\/wp-json\/wp\/v2\/media?parent=5735"}],"wp:term":[{"taxonomy":"product_cat","embeddable":true,"href":"https:\/\/simoffice.pt\/index.php\/wp-json\/wp\/v2\/product_cat?post=5735"},{"taxonomy":"product_tag","embeddable":true,"href":"https:\/\/simoffice.pt\/index.php\/wp-json\/wp\/v2\/product_tag?post=5735"}],"curies":[{"name":"wp","href":"https:\/\/api.w.org\/{rel}","templated":true}]}}