{"id":5733,"date":"2022-07-04T15:34:06","date_gmt":"2022-07-04T15:34:06","guid":{"rendered":"https:\/\/simoffice.pt\/index.php\/product\/bloco-notas-moleskine-21x13-liso\/"},"modified":"2022-07-04T15:34:13","modified_gmt":"2022-07-04T15:34:13","slug":"bloco-notas-moleskine-21x13-liso","status":"publish","type":"product","link":"https:\/\/simoffice.pt\/index.php\/product\/bloco-notas-moleskine-21x13-liso\/","title":{"rendered":"Bloco notas Moleskine 21&#215;13 liso"},"content":{"rendered":"<p>Cart\u00e3o remov\u00edvel com a hist\u00f3ria do Moleskine a marca de elei\u00e7\u00e3o dos mais exigentes, fecho com el\u00e1stico, f\u00e1cil transporte e arruma\u00e7\u00e3o, capa cart\u00e3o duro, resistente ao uso intenso, 240 p\u00e1ginas lisas.<br \/>\nMarca: Moleskine<br \/>\nTipo: Bloco Notas<\/p>\n","protected":false},"excerpt":{"rendered":"<p>Cart\u00e3o remov\u00edvel com a hist\u00f3ria do Moleskine a marca de elei\u00e7\u00e3o dos mais exigentes, fecho com el\u00e1stico, f\u00e1cil transporte e arruma\u00e7\u00e3o, capa cart\u00e3o duro, resistente ao uso intenso, 240 p\u00e1ginas lisas. Marca: Moleskine Tipo: Bloco Notas<\/p>\n","protected":false},"featured_media":5734,"template":"","meta":[],"product_cat":[74],"product_tag":[],"_links":{"self":[{"href":"https:\/\/simoffice.pt\/index.php\/wp-json\/wp\/v2\/product\/5733"}],"collection":[{"href":"https:\/\/simoffice.pt\/index.php\/wp-json\/wp\/v2\/product"}],"about":[{"href":"https:\/\/simoffice.pt\/index.php\/wp-json\/wp\/v2\/types\/product"}],"wp:featuredmedia":[{"embeddable":true,"href":"https:\/\/simoffice.pt\/index.php\/wp-json\/wp\/v2\/media\/5734"}],"wp:attachment":[{"href":"https:\/\/simoffice.pt\/index.php\/wp-json\/wp\/v2\/media?parent=5733"}],"wp:term":[{"taxonomy":"product_cat","embeddable":true,"href":"https:\/\/simoffice.pt\/index.php\/wp-json\/wp\/v2\/product_cat?post=5733"},{"taxonomy":"product_tag","embeddable":true,"href":"https:\/\/simoffice.pt\/index.php\/wp-json\/wp\/v2\/product_tag?post=5733"}],"curies":[{"name":"wp","href":"https:\/\/api.w.org\/{rel}","templated":true}]}}