{"id":5706,"date":"2022-07-04T15:32:46","date_gmt":"2022-07-04T15:32:46","guid":{"rendered":"https:\/\/simoffice.pt\/index.php\/product\/seagate-hdd-3-5-barracuda-2-0tb-7200rpm-64mb-sata3\/"},"modified":"2022-07-04T15:32:52","modified_gmt":"2022-07-04T15:32:52","slug":"seagate-hdd-3-5-barracuda-2-0tb-7200rpm-64mb-sata3","status":"publish","type":"product","link":"https:\/\/simoffice.pt\/index.php\/product\/seagate-hdd-3-5-barracuda-2-0tb-7200rpm-64mb-sata3\/","title":{"rendered":"Seagate HDD 3.5&#8243; Barracuda 2.0TB 7200rpm 64mb Sata3"},"content":{"rendered":"<p>64MB de mem\u00f3ria Cache<br \/>\n2 TB de capacidade<br \/>\n7200 RPM<br \/>\nCertifica\u00e7\u00e3o RoHS<br \/>\nInterface SATA3 6Gbps<\/p>\n","protected":false},"excerpt":{"rendered":"<p>64MB de mem\u00f3ria Cache 2 TB de capacidade 7200 RPM Certifica\u00e7\u00e3o RoHS Interface SATA3 6Gbps<\/p>\n","protected":false},"featured_media":5707,"template":"","meta":[],"product_cat":[75],"product_tag":[],"_links":{"self":[{"href":"https:\/\/simoffice.pt\/index.php\/wp-json\/wp\/v2\/product\/5706"}],"collection":[{"href":"https:\/\/simoffice.pt\/index.php\/wp-json\/wp\/v2\/product"}],"about":[{"href":"https:\/\/simoffice.pt\/index.php\/wp-json\/wp\/v2\/types\/product"}],"wp:featuredmedia":[{"embeddable":true,"href":"https:\/\/simoffice.pt\/index.php\/wp-json\/wp\/v2\/media\/5707"}],"wp:attachment":[{"href":"https:\/\/simoffice.pt\/index.php\/wp-json\/wp\/v2\/media?parent=5706"}],"wp:term":[{"taxonomy":"product_cat","embeddable":true,"href":"https:\/\/simoffice.pt\/index.php\/wp-json\/wp\/v2\/product_cat?post=5706"},{"taxonomy":"product_tag","embeddable":true,"href":"https:\/\/simoffice.pt\/index.php\/wp-json\/wp\/v2\/product_tag?post=5706"}],"curies":[{"name":"wp","href":"https:\/\/api.w.org\/{rel}","templated":true}]}}