{"id":5704,"date":"2022-07-04T15:32:39","date_gmt":"2022-07-04T15:32:39","guid":{"rendered":"https:\/\/simoffice.pt\/index.php\/product\/a4tech-bloody-v5m-rato-gamer-optico-com-fios-usb-3200dpi\/"},"modified":"2022-07-04T15:32:44","modified_gmt":"2022-07-04T15:32:44","slug":"a4tech-bloody-v5m-rato-gamer-optico-com-fios-usb-3200dpi","status":"publish","type":"product","link":"https:\/\/simoffice.pt\/index.php\/product\/a4tech-bloody-v5m-rato-gamer-optico-com-fios-usb-3200dpi\/","title":{"rendered":"A4Tech Bloody V5M Rato Gamer Optico com fios USB 3200DPI"},"content":{"rendered":"<p>Sensor \u00d3ptico de alta-performance com sensibilidade ajust\u00e1vel at\u00e9 3200dpi<br \/>\nPossui 7 bot\u00f5es personaliz\u00e1veis<br \/>\nFormato ergon\u00f3mico<br \/>\nCabo USB Gaming-grade<br \/>\nAcelera\u00e7\u00e3o m\u00e1xima de 30G<\/p>\n","protected":false},"excerpt":{"rendered":"<p>Sensor \u00d3ptico de alta-performance com sensibilidade ajust\u00e1vel at\u00e9 3200dpi Possui 7 bot\u00f5es personaliz\u00e1veis Formato ergon\u00f3mico Cabo USB Gaming-grade Acelera\u00e7\u00e3o m\u00e1xima de 30G<\/p>\n","protected":false},"featured_media":5705,"template":"","meta":[],"product_cat":[75],"product_tag":[],"_links":{"self":[{"href":"https:\/\/simoffice.pt\/index.php\/wp-json\/wp\/v2\/product\/5704"}],"collection":[{"href":"https:\/\/simoffice.pt\/index.php\/wp-json\/wp\/v2\/product"}],"about":[{"href":"https:\/\/simoffice.pt\/index.php\/wp-json\/wp\/v2\/types\/product"}],"wp:featuredmedia":[{"embeddable":true,"href":"https:\/\/simoffice.pt\/index.php\/wp-json\/wp\/v2\/media\/5705"}],"wp:attachment":[{"href":"https:\/\/simoffice.pt\/index.php\/wp-json\/wp\/v2\/media?parent=5704"}],"wp:term":[{"taxonomy":"product_cat","embeddable":true,"href":"https:\/\/simoffice.pt\/index.php\/wp-json\/wp\/v2\/product_cat?post=5704"},{"taxonomy":"product_tag","embeddable":true,"href":"https:\/\/simoffice.pt\/index.php\/wp-json\/wp\/v2\/product_tag?post=5704"}],"curies":[{"name":"wp","href":"https:\/\/api.w.org\/{rel}","templated":true}]}}