{"id":5701,"date":"2022-07-04T15:32:31","date_gmt":"2022-07-04T15:32:31","guid":{"rendered":"https:\/\/simoffice.pt\/index.php\/product\/papel-vegetal-esquico-canson-a4-55gr-80-folhas\/"},"modified":"2022-07-04T15:32:37","modified_gmt":"2022-07-04T15:32:37","slug":"papel-vegetal-esquico-canson-a4-55gr-80-folhas","status":"publish","type":"product","link":"https:\/\/simoffice.pt\/index.php\/product\/papel-vegetal-esquico-canson-a4-55gr-80-folhas\/","title":{"rendered":"Papel Vegetal (Esquico) Canson A4 55gr 80 Folhas"},"content":{"rendered":"<p>Altamente transparente e de superf\u00edcie lisa. Bloco colado.<br \/>\nIdeal para esqui\u00e7o a l\u00e1pis de grafite e a tinta.<\/p>\n","protected":false},"excerpt":{"rendered":"<p>Altamente transparente e de superf\u00edcie lisa. Bloco colado. Ideal para esqui\u00e7o a l\u00e1pis de grafite e a tinta.<\/p>\n","protected":false},"featured_media":5702,"template":"","meta":[],"product_cat":[74],"product_tag":[],"_links":{"self":[{"href":"https:\/\/simoffice.pt\/index.php\/wp-json\/wp\/v2\/product\/5701"}],"collection":[{"href":"https:\/\/simoffice.pt\/index.php\/wp-json\/wp\/v2\/product"}],"about":[{"href":"https:\/\/simoffice.pt\/index.php\/wp-json\/wp\/v2\/types\/product"}],"wp:featuredmedia":[{"embeddable":true,"href":"https:\/\/simoffice.pt\/index.php\/wp-json\/wp\/v2\/media\/5702"}],"wp:attachment":[{"href":"https:\/\/simoffice.pt\/index.php\/wp-json\/wp\/v2\/media?parent=5701"}],"wp:term":[{"taxonomy":"product_cat","embeddable":true,"href":"https:\/\/simoffice.pt\/index.php\/wp-json\/wp\/v2\/product_cat?post=5701"},{"taxonomy":"product_tag","embeddable":true,"href":"https:\/\/simoffice.pt\/index.php\/wp-json\/wp\/v2\/product_tag?post=5701"}],"curies":[{"name":"wp","href":"https:\/\/api.w.org\/{rel}","templated":true}]}}