{"id":5662,"date":"2022-07-04T15:30:22","date_gmt":"2022-07-04T15:30:22","guid":{"rendered":"https:\/\/simoffice.pt\/index.php\/product\/napofix-suporte-lcd-led-26-56-fixo\/"},"modified":"2022-07-04T15:30:28","modified_gmt":"2022-07-04T15:30:28","slug":"napofix-suporte-lcd-led-26-56-fixo","status":"publish","type":"product","link":"https:\/\/simoffice.pt\/index.php\/product\/napofix-suporte-lcd-led-26-56-fixo\/","title":{"rendered":"Napofix Suporte LCD \/ LED 26&#8243; &gt; 56&#8243; Fixo"},"content":{"rendered":"<p>Informa\u00e7\u00e3o Detalhada<br \/>\nDescri\u00e7\u00e3o do Produto Suporte de parede<br \/>\nCompatibilidade Monitores de 26&#8243; at\u00e9 56&#8243;<br \/>\nC\u00f4r preto<br \/>\nMaterial metal<br \/>\nGarantia 2 Anos<br \/>\nDados Logisticos<br \/>\nEAN 5603209002544<br \/>\nDetalhes t\u00e9cnicos<br \/>\nModelo 254-Black<br \/>\nVESA mount capabilities 400 x 400 mm (m\u00e1x)<br \/>\nPesos e dimens\u00f5es<br \/>\nLargura do produto 433 mm<br \/>\nAltura da Unidade 425 mm<br \/>\nPeso m\u00e1ximo de carga do suporte 50 kg<br \/>\nOutras caracter\u00edsticas<br \/>\nOutras caracteristicas Com n\u00edvel de borbulha incorporado <\/p>\n","protected":false},"excerpt":{"rendered":"<p>Informa\u00e7\u00e3o Detalhada Descri\u00e7\u00e3o do Produto Suporte de parede Compatibilidade Monitores de 26&#8243; at\u00e9 56&#8243; C\u00f4r preto Material metal Garantia 2 Anos Dados Logisticos EAN 5603209002544 Detalhes t\u00e9cnicos Modelo 254-Black VESA mount capabilities 400 x 400 mm (m\u00e1x) Pesos e dimens\u00f5es Largura do produto 433 mm Altura da Unidade 425 mm Peso m\u00e1ximo de carga do [&hellip;]<\/p>\n","protected":false},"featured_media":5663,"template":"","meta":[],"product_cat":[76],"product_tag":[],"_links":{"self":[{"href":"https:\/\/simoffice.pt\/index.php\/wp-json\/wp\/v2\/product\/5662"}],"collection":[{"href":"https:\/\/simoffice.pt\/index.php\/wp-json\/wp\/v2\/product"}],"about":[{"href":"https:\/\/simoffice.pt\/index.php\/wp-json\/wp\/v2\/types\/product"}],"wp:featuredmedia":[{"embeddable":true,"href":"https:\/\/simoffice.pt\/index.php\/wp-json\/wp\/v2\/media\/5663"}],"wp:attachment":[{"href":"https:\/\/simoffice.pt\/index.php\/wp-json\/wp\/v2\/media?parent=5662"}],"wp:term":[{"taxonomy":"product_cat","embeddable":true,"href":"https:\/\/simoffice.pt\/index.php\/wp-json\/wp\/v2\/product_cat?post=5662"},{"taxonomy":"product_tag","embeddable":true,"href":"https:\/\/simoffice.pt\/index.php\/wp-json\/wp\/v2\/product_tag?post=5662"}],"curies":[{"name":"wp","href":"https:\/\/api.w.org\/{rel}","templated":true}]}}