{"id":5656,"date":"2022-07-04T15:30:04","date_gmt":"2022-07-04T15:30:04","guid":{"rendered":"https:\/\/simoffice.pt\/index.php\/product\/toshiba-disco-externo-1tb-2-5-canvio-basics\/"},"modified":"2022-07-04T15:30:10","modified_gmt":"2022-07-04T15:30:10","slug":"toshiba-disco-externo-1tb-2-5-canvio-basics","status":"publish","type":"product","link":"https:\/\/simoffice.pt\/index.php\/product\/toshiba-disco-externo-1tb-2-5-canvio-basics\/","title":{"rendered":"Toshiba Disco externo 1Tb 2.5&#8243; Canvio Basics"},"content":{"rendered":"<p>Disco R\u00edgido Externo Toshiba 2.5P<br \/>\n1TB de capacidade<br \/>\nVelocidade M\u00e1xima transfer\u00eancia 5.0 Gbps<br \/>\nInterface USB 3.0 (compat\u00edvel com USB 2.0)<br \/>\nPreto<\/p>\n","protected":false},"excerpt":{"rendered":"<p>Disco R\u00edgido Externo Toshiba 2.5P 1TB de capacidade Velocidade M\u00e1xima transfer\u00eancia 5.0 Gbps Interface USB 3.0 (compat\u00edvel com USB 2.0) Preto<\/p>\n","protected":false},"featured_media":5657,"template":"","meta":[],"product_cat":[75],"product_tag":[],"_links":{"self":[{"href":"https:\/\/simoffice.pt\/index.php\/wp-json\/wp\/v2\/product\/5656"}],"collection":[{"href":"https:\/\/simoffice.pt\/index.php\/wp-json\/wp\/v2\/product"}],"about":[{"href":"https:\/\/simoffice.pt\/index.php\/wp-json\/wp\/v2\/types\/product"}],"wp:featuredmedia":[{"embeddable":true,"href":"https:\/\/simoffice.pt\/index.php\/wp-json\/wp\/v2\/media\/5657"}],"wp:attachment":[{"href":"https:\/\/simoffice.pt\/index.php\/wp-json\/wp\/v2\/media?parent=5656"}],"wp:term":[{"taxonomy":"product_cat","embeddable":true,"href":"https:\/\/simoffice.pt\/index.php\/wp-json\/wp\/v2\/product_cat?post=5656"},{"taxonomy":"product_tag","embeddable":true,"href":"https:\/\/simoffice.pt\/index.php\/wp-json\/wp\/v2\/product_tag?post=5656"}],"curies":[{"name":"wp","href":"https:\/\/api.w.org\/{rel}","templated":true}]}}