{"id":5651,"date":"2022-07-04T15:29:49","date_gmt":"2022-07-04T15:29:49","guid":{"rendered":"https:\/\/simoffice.pt\/index.php\/product\/kingston-sd-card-64gb-alta-capacidade-classe-10\/"},"modified":"2022-07-04T15:29:55","modified_gmt":"2022-07-04T15:29:55","slug":"kingston-sd-card-64gb-alta-capacidade-classe-10","status":"publish","type":"product","link":"https:\/\/simoffice.pt\/index.php\/product\/kingston-sd-card-64gb-alta-capacidade-classe-10\/","title":{"rendered":"Kingston SD Card 64GB Alta Capacidade classe 10"},"content":{"rendered":"<p>Detalhes t\u00e9cnicos<br \/>\nCapacidade da mem\u00f3ria incorporada 65536 MB<br \/>\nMem\u00f3ria<br \/>\nCapacidade 64 GB<br \/>\nTipo de flash card Secure Digital Extended Capacity (SDXC)<br \/>\nClasse de mem\u00f3ria flash 10<br \/>\nVelocidade de leitura, suporte 45 MB\/s<br \/>\nVelocidade de escrita 10 MB\/s<br \/>\nTipo de mem\u00f3ria incorporada UHS<br \/>\nPesos e dimens\u00f5es<br \/>\nLargura do produto 2,400 cm<br \/>\nProfundidade da Unidade 2,1 mm<br \/>\nAltura da Unidade 3,200 cm<br \/>\nGest\u00e3o de energia<br \/>\nVoltagem de mem\u00f3ria 3.3 V<br \/>\nCondi\u00e7\u00f5es ambientais<br \/>\nTemperatura ambiente -25 &#8211; 85 \u00b0C<br \/>\nLimite de temperaturas (armazenamento) -40 &#8211; 85 \u00b0C<br \/>\nEmbalagem<br \/>\nQuantidade por pack 1<br \/>\nTipo de embalagem Blister<br \/>\nOutras caracter\u00edsticas<br \/>\nRegistado<br \/>\nDisposi\u00e7\u00e3o da mem\u00f3ria 1 x 65536 MB<br \/>\nConfigura\u00e7\u00e3o do m\u00f3dulo (N\/A) (N\/A)<br \/>\nMontagem em prateleira 9-pin SecureDigital (SD)<br \/>\nGarantia Lifetime<br \/>\nSistemas de ficheiros suportados exFAT<br \/>\nDesign<br \/>\nCor da caixa Preto, Cinzento<br \/>\nProtec\u00e7\u00e3o de caracter\u00edsticas Resistente ao choque, Temperature proof, Vibration proof, Resistente \u00e0 \u00e1gua, \u00c0 prova de raiox-X<br \/>\nCobertura de chumbo Dourado<br \/>\nAprova\u00e7\u00f5es Regulamentares FCC, CE<br \/>\nDesempenho<br \/>\nProtec\u00e7\u00e3o contra grava\u00e7\u00e3o <\/p>\n","protected":false},"excerpt":{"rendered":"<p>Detalhes t\u00e9cnicos Capacidade da mem\u00f3ria incorporada 65536 MB Mem\u00f3ria Capacidade 64 GB Tipo de flash card Secure Digital Extended Capacity (SDXC) Classe de mem\u00f3ria flash 10 Velocidade de leitura, suporte 45 MB\/s Velocidade de escrita 10 MB\/s Tipo de mem\u00f3ria incorporada UHS Pesos e dimens\u00f5es Largura do produto 2,400 cm Profundidade da Unidade 2,1 mm [&hellip;]<\/p>\n","protected":false},"featured_media":5652,"template":"","meta":[],"product_cat":[75],"product_tag":[],"_links":{"self":[{"href":"https:\/\/simoffice.pt\/index.php\/wp-json\/wp\/v2\/product\/5651"}],"collection":[{"href":"https:\/\/simoffice.pt\/index.php\/wp-json\/wp\/v2\/product"}],"about":[{"href":"https:\/\/simoffice.pt\/index.php\/wp-json\/wp\/v2\/types\/product"}],"wp:featuredmedia":[{"embeddable":true,"href":"https:\/\/simoffice.pt\/index.php\/wp-json\/wp\/v2\/media\/5652"}],"wp:attachment":[{"href":"https:\/\/simoffice.pt\/index.php\/wp-json\/wp\/v2\/media?parent=5651"}],"wp:term":[{"taxonomy":"product_cat","embeddable":true,"href":"https:\/\/simoffice.pt\/index.php\/wp-json\/wp\/v2\/product_cat?post=5651"},{"taxonomy":"product_tag","embeddable":true,"href":"https:\/\/simoffice.pt\/index.php\/wp-json\/wp\/v2\/product_tag?post=5651"}],"curies":[{"name":"wp","href":"https:\/\/api.w.org\/{rel}","templated":true}]}}