{"id":5649,"date":"2022-07-04T15:29:42","date_gmt":"2022-07-04T15:29:42","guid":{"rendered":"https:\/\/simoffice.pt\/index.php\/product\/corrector-fita-plus-bi-direccional-4-2mmx6mts-azul\/"},"modified":"2022-07-04T15:29:47","modified_gmt":"2022-07-04T15:29:47","slug":"corrector-fita-plus-bi-direccional-4-2mmx6mts-azul","status":"publish","type":"product","link":"https:\/\/simoffice.pt\/index.php\/product\/corrector-fita-plus-bi-direccional-4-2mmx6mts-azul\/","title":{"rendered":"Corrector Fita Plus Bi-Direccional 4.2mmx6mts- Azul"},"content":{"rendered":"<p>Corre\u00e7\u00e3o seca que permite escrita imediata. Ergon\u00f3mico.<\/p>\n","protected":false},"excerpt":{"rendered":"<p>Corre\u00e7\u00e3o seca que permite escrita imediata. Ergon\u00f3mico.<\/p>\n","protected":false},"featured_media":5650,"template":"","meta":[],"product_cat":[74],"product_tag":[],"_links":{"self":[{"href":"https:\/\/simoffice.pt\/index.php\/wp-json\/wp\/v2\/product\/5649"}],"collection":[{"href":"https:\/\/simoffice.pt\/index.php\/wp-json\/wp\/v2\/product"}],"about":[{"href":"https:\/\/simoffice.pt\/index.php\/wp-json\/wp\/v2\/types\/product"}],"wp:featuredmedia":[{"embeddable":true,"href":"https:\/\/simoffice.pt\/index.php\/wp-json\/wp\/v2\/media\/5650"}],"wp:attachment":[{"href":"https:\/\/simoffice.pt\/index.php\/wp-json\/wp\/v2\/media?parent=5649"}],"wp:term":[{"taxonomy":"product_cat","embeddable":true,"href":"https:\/\/simoffice.pt\/index.php\/wp-json\/wp\/v2\/product_cat?post=5649"},{"taxonomy":"product_tag","embeddable":true,"href":"https:\/\/simoffice.pt\/index.php\/wp-json\/wp\/v2\/product_tag?post=5649"}],"curies":[{"name":"wp","href":"https:\/\/api.w.org\/{rel}","templated":true}]}}