{"id":5638,"date":"2022-07-04T15:29:10","date_gmt":"2022-07-04T15:29:10","guid":{"rendered":"https:\/\/simoffice.pt\/index.php\/product\/hp-impressora-mfp-color-laserjet-m477fdn-printer-cf378a\/"},"modified":"2022-07-04T15:29:16","modified_gmt":"2022-07-04T15:29:16","slug":"hp-impressora-mfp-color-laserjet-m477fdn-printer-cf378a","status":"publish","type":"product","link":"https:\/\/simoffice.pt\/index.php\/product\/hp-impressora-mfp-color-laserjet-m477fdn-printer-cf378a\/","title":{"rendered":"HP Impressora MFP Color Laserjet M477FDN Printer CF378A"},"content":{"rendered":"<p>Desempenhos de impress\u00e3o, digitaliza\u00e7\u00e3o, c\u00f3pia e fax incompar\u00e1veis, para al\u00e9m de uma seguran\u00e7a robusta e abrangente para a sua forma de trabalhar. <\/p>\n<p>Impress\u00e3o, c\u00f3pia, digitaliza\u00e7\u00e3o, fax, e-mail; At\u00e9 27ppm; at\u00e9 38400 x 600 ppp melhorados; HP ImageREt 3600, calibra\u00e7\u00e3o PANTONE; Ecr\u00e3 t\u00e1til intuitivo de 10,9 cm; HP ePrint; Ethernet Gigabit incorporada<\/p>\n","protected":false},"excerpt":{"rendered":"<p>Desempenhos de impress\u00e3o, digitaliza\u00e7\u00e3o, c\u00f3pia e fax incompar\u00e1veis, para al\u00e9m de uma seguran\u00e7a robusta e abrangente para a sua forma de trabalhar. Impress\u00e3o, c\u00f3pia, digitaliza\u00e7\u00e3o, fax, e-mail; At\u00e9 27ppm; at\u00e9 38400 x 600 ppp melhorados; HP ImageREt 3600, calibra\u00e7\u00e3o PANTONE; Ecr\u00e3 t\u00e1til intuitivo de 10,9 cm; HP ePrint; Ethernet Gigabit incorporada<\/p>\n","protected":false},"featured_media":5639,"template":"","meta":[],"product_cat":[75],"product_tag":[],"_links":{"self":[{"href":"https:\/\/simoffice.pt\/index.php\/wp-json\/wp\/v2\/product\/5638"}],"collection":[{"href":"https:\/\/simoffice.pt\/index.php\/wp-json\/wp\/v2\/product"}],"about":[{"href":"https:\/\/simoffice.pt\/index.php\/wp-json\/wp\/v2\/types\/product"}],"wp:featuredmedia":[{"embeddable":true,"href":"https:\/\/simoffice.pt\/index.php\/wp-json\/wp\/v2\/media\/5639"}],"wp:attachment":[{"href":"https:\/\/simoffice.pt\/index.php\/wp-json\/wp\/v2\/media?parent=5638"}],"wp:term":[{"taxonomy":"product_cat","embeddable":true,"href":"https:\/\/simoffice.pt\/index.php\/wp-json\/wp\/v2\/product_cat?post=5638"},{"taxonomy":"product_tag","embeddable":true,"href":"https:\/\/simoffice.pt\/index.php\/wp-json\/wp\/v2\/product_tag?post=5638"}],"curies":[{"name":"wp","href":"https:\/\/api.w.org\/{rel}","templated":true}]}}