{"id":5630,"date":"2022-07-04T15:28:47","date_gmt":"2022-07-04T15:28:47","guid":{"rendered":"https:\/\/simoffice.pt\/index.php\/product\/teclado-mkplus-wireless-ultra-slimrato\/"},"modified":"2022-07-04T15:28:53","modified_gmt":"2022-07-04T15:28:53","slug":"teclado-mkplus-wireless-ultra-slimrato","status":"publish","type":"product","link":"https:\/\/simoffice.pt\/index.php\/product\/teclado-mkplus-wireless-ultra-slimrato\/","title":{"rendered":"Teclado MKPLUS Wireless Ultra Slim+Rato"},"content":{"rendered":"<p>Kit MKPLUS Wireless Media Center Ultra Slim MC900<br \/>\nTeclado Wireless ultra slim (6mm) com 82 teclas scissor<br \/>\nTeclado com bateria recarreg\u00e1vel de i\u00f5es de l\u00edtio<br \/>\nRato wireless 1200dpi<br \/>\nCompat\u00edvel com SmartTV \/ Windows \/ Mac OS<\/p>\n","protected":false},"excerpt":{"rendered":"<p>Kit MKPLUS Wireless Media Center Ultra Slim MC900 Teclado Wireless ultra slim (6mm) com 82 teclas scissor Teclado com bateria recarreg\u00e1vel de i\u00f5es de l\u00edtio Rato wireless 1200dpi Compat\u00edvel com SmartTV \/ Windows \/ Mac OS<\/p>\n","protected":false},"featured_media":5631,"template":"","meta":[],"product_cat":[75],"product_tag":[],"_links":{"self":[{"href":"https:\/\/simoffice.pt\/index.php\/wp-json\/wp\/v2\/product\/5630"}],"collection":[{"href":"https:\/\/simoffice.pt\/index.php\/wp-json\/wp\/v2\/product"}],"about":[{"href":"https:\/\/simoffice.pt\/index.php\/wp-json\/wp\/v2\/types\/product"}],"wp:featuredmedia":[{"embeddable":true,"href":"https:\/\/simoffice.pt\/index.php\/wp-json\/wp\/v2\/media\/5631"}],"wp:attachment":[{"href":"https:\/\/simoffice.pt\/index.php\/wp-json\/wp\/v2\/media?parent=5630"}],"wp:term":[{"taxonomy":"product_cat","embeddable":true,"href":"https:\/\/simoffice.pt\/index.php\/wp-json\/wp\/v2\/product_cat?post=5630"},{"taxonomy":"product_tag","embeddable":true,"href":"https:\/\/simoffice.pt\/index.php\/wp-json\/wp\/v2\/product_tag?post=5630"}],"curies":[{"name":"wp","href":"https:\/\/api.w.org\/{rel}","templated":true}]}}