{"id":5628,"date":"2022-07-04T15:28:40","date_gmt":"2022-07-04T15:28:40","guid":{"rendered":"https:\/\/simoffice.pt\/index.php\/product\/eurotech-ups-1200va\/"},"modified":"2022-07-04T15:28:46","modified_gmt":"2022-07-04T15:28:46","slug":"eurotech-ups-1200va","status":"publish","type":"product","link":"https:\/\/simoffice.pt\/index.php\/product\/eurotech-ups-1200va\/","title":{"rendered":"Eurotech UPS 1200VA"},"content":{"rendered":"<p>Smart UPS EuroTech 1200 VA \/ 720W<br \/>\nPorta USB para monitoriza\u00e7\u00e3o da Smart UPS atrav\u00e9s de Software<br \/>\nProtege a sua liga\u00e7\u00e3o de Rede contra picos de corrente<br \/>\nElevado n\u00edvel de eficiencia 83% em modo inversor<br \/>\nFornece sempre uma energia limpa e est\u00e1velUnidade de Alimenta\u00e7\u00e3o Ininterrupta Smart UPS Eurotech com 1200 VA \/ 720W com prote\u00e7\u00e3o contra varia\u00e7\u00f5es de tens\u00e3o e picos de corrente. Porta USB para monitoriza\u00e7\u00e3o da Smart UPS atrav\u00e9s de Software. Entrada\/Sa\u00edda RJ45para protec\u00e7\u00e3o da sua liga\u00e7\u00e3o de rede contra picos de corrente. Efici\u00eancia superior a 83% em modo inversor. Tr\u00eas tomadas Schuko. Duas Baterias de 2x7Ah\/12V. Autonomia m\u00e9dia de 40 a 45 minutos. Dimens\u00e3o de 34,5 x 14 x 17 cm e Peso de 10,5 Kg.No Software de Gest\u00e3o da UPS, Selecione no &#8220;Modo de Monitor&#8221; a op\u00e7\u00e3o Mega (USB).<\/p>\n","protected":false},"excerpt":{"rendered":"<p>Smart UPS EuroTech 1200 VA \/ 720W Porta USB para monitoriza\u00e7\u00e3o da Smart UPS atrav\u00e9s de Software Protege a sua liga\u00e7\u00e3o de Rede contra picos de corrente Elevado n\u00edvel de eficiencia 83% em modo inversor Fornece sempre uma energia limpa e est\u00e1velUnidade de Alimenta\u00e7\u00e3o Ininterrupta Smart UPS Eurotech com 1200 VA \/ 720W com prote\u00e7\u00e3o [&hellip;]<\/p>\n","protected":false},"featured_media":5629,"template":"","meta":[],"product_cat":[75],"product_tag":[],"_links":{"self":[{"href":"https:\/\/simoffice.pt\/index.php\/wp-json\/wp\/v2\/product\/5628"}],"collection":[{"href":"https:\/\/simoffice.pt\/index.php\/wp-json\/wp\/v2\/product"}],"about":[{"href":"https:\/\/simoffice.pt\/index.php\/wp-json\/wp\/v2\/types\/product"}],"wp:featuredmedia":[{"embeddable":true,"href":"https:\/\/simoffice.pt\/index.php\/wp-json\/wp\/v2\/media\/5629"}],"wp:attachment":[{"href":"https:\/\/simoffice.pt\/index.php\/wp-json\/wp\/v2\/media?parent=5628"}],"wp:term":[{"taxonomy":"product_cat","embeddable":true,"href":"https:\/\/simoffice.pt\/index.php\/wp-json\/wp\/v2\/product_cat?post=5628"},{"taxonomy":"product_tag","embeddable":true,"href":"https:\/\/simoffice.pt\/index.php\/wp-json\/wp\/v2\/product_tag?post=5628"}],"curies":[{"name":"wp","href":"https:\/\/api.w.org\/{rel}","templated":true}]}}