{"id":5622,"date":"2022-07-04T15:28:24","date_gmt":"2022-07-04T15:28:24","guid":{"rendered":"https:\/\/simoffice.pt\/index.php\/product\/napofix-275-suporte-parde-led-lcd-3770-inclinavel-2-bracos\/"},"modified":"2022-07-04T15:28:30","modified_gmt":"2022-07-04T15:28:30","slug":"napofix-275-suporte-parde-led-lcd-3770-inclinavel-2-bracos","status":"publish","type":"product","link":"https:\/\/simoffice.pt\/index.php\/product\/napofix-275-suporte-parde-led-lcd-3770-inclinavel-2-bracos\/","title":{"rendered":"Napofix 275 Suporte Parde LED\/LCD 37&#8243;&gt;70&#8243; inclin\u00e1vel 2 bra\u00e7os"},"content":{"rendered":"<p>Suporte de Parede inclin\u00e1vel c\/ 2 bra\u00e7os para LED\/LCD de 37&#8243; a 70&#8243;; Max VESA 600&#215;400, Max.40KG<\/p>\n","protected":false},"excerpt":{"rendered":"<p>Suporte de Parede inclin\u00e1vel c\/ 2 bra\u00e7os para LED\/LCD de 37&#8243; a 70&#8243;; Max VESA 600&#215;400, Max.40KG<\/p>\n","protected":false},"featured_media":5623,"template":"","meta":[],"product_cat":[76],"product_tag":[],"_links":{"self":[{"href":"https:\/\/simoffice.pt\/index.php\/wp-json\/wp\/v2\/product\/5622"}],"collection":[{"href":"https:\/\/simoffice.pt\/index.php\/wp-json\/wp\/v2\/product"}],"about":[{"href":"https:\/\/simoffice.pt\/index.php\/wp-json\/wp\/v2\/types\/product"}],"wp:featuredmedia":[{"embeddable":true,"href":"https:\/\/simoffice.pt\/index.php\/wp-json\/wp\/v2\/media\/5623"}],"wp:attachment":[{"href":"https:\/\/simoffice.pt\/index.php\/wp-json\/wp\/v2\/media?parent=5622"}],"wp:term":[{"taxonomy":"product_cat","embeddable":true,"href":"https:\/\/simoffice.pt\/index.php\/wp-json\/wp\/v2\/product_cat?post=5622"},{"taxonomy":"product_tag","embeddable":true,"href":"https:\/\/simoffice.pt\/index.php\/wp-json\/wp\/v2\/product_tag?post=5622"}],"curies":[{"name":"wp","href":"https:\/\/api.w.org\/{rel}","templated":true}]}}