{"id":5597,"date":"2022-07-04T15:27:05","date_gmt":"2022-07-04T15:27:05","guid":{"rendered":"https:\/\/simoffice.pt\/index.php\/product\/becken-termoventilador-bcth3344\/"},"modified":"2022-07-04T15:27:13","modified_gmt":"2022-07-04T15:27:13","slug":"becken-termoventilador-bcth3344","status":"publish","type":"product","link":"https:\/\/simoffice.pt\/index.php\/product\/becken-termoventilador-bcth3344\/","title":{"rendered":"Becken Termoventilador BCTH3344"},"content":{"rendered":"<p>O termoventilador cer\u00e2mico de torre Becken BCTH3344, com 2000 W de pot\u00eancia, filtro anti-p\u00f3 e sistema silencioso, foi concebido para utiliza\u00e7\u00e3o em qualquer divis\u00e3o da casa. Al\u00e9m do sistema de desligamento autom\u00e1tico do aparelho em caso de queda acidental, mantendo as configura\u00e7\u00f5es previamente definidas, o termoventilador cer\u00e2mico de torre Becken BCTH3344 destaca-se tamb\u00e9m pelo filtro anti-p\u00f3 para uma sa\u00edda de ar mais limpa, pela base girat\u00f3ria cuja estrutura oscilante ajuda a aquecer a divis\u00e3o de forma mais uniforme e pela tecnologia cer\u00e2mica altamente eficiente e segura gra\u00e7as ao elemento de cer\u00e2mica que autorregula a sa\u00edda do calor de acordo com o aumento de temperatura. Ainda em evid\u00eancia neste termoventilador cer\u00e2mico de torre Becken BCTH3344, o painel de controlo mec\u00e2nico com dois comandos rotativos no topo e a op\u00e7\u00e3o por dois n\u00edveis de pot\u00eancia. Outras caracter\u00edsticas: indicador luminoso; pega de transporte. Dimens\u00f5es (AxLxP): 72 x 24 x 28 cm. Peso de 3,5 kg. Garantia de dois anos.<\/p>\n","protected":false},"excerpt":{"rendered":"<p>O termoventilador cer\u00e2mico de torre Becken BCTH3344, com 2000 W de pot\u00eancia, filtro anti-p\u00f3 e sistema silencioso, foi concebido para utiliza\u00e7\u00e3o em qualquer divis\u00e3o da casa. Al\u00e9m do sistema de desligamento autom\u00e1tico do aparelho em caso de queda acidental, mantendo as configura\u00e7\u00f5es previamente definidas, o termoventilador cer\u00e2mico de torre Becken BCTH3344 destaca-se tamb\u00e9m pelo filtro [&hellip;]<\/p>\n","protected":false},"featured_media":5598,"template":"","meta":[],"product_cat":[78],"product_tag":[],"_links":{"self":[{"href":"https:\/\/simoffice.pt\/index.php\/wp-json\/wp\/v2\/product\/5597"}],"collection":[{"href":"https:\/\/simoffice.pt\/index.php\/wp-json\/wp\/v2\/product"}],"about":[{"href":"https:\/\/simoffice.pt\/index.php\/wp-json\/wp\/v2\/types\/product"}],"wp:featuredmedia":[{"embeddable":true,"href":"https:\/\/simoffice.pt\/index.php\/wp-json\/wp\/v2\/media\/5598"}],"wp:attachment":[{"href":"https:\/\/simoffice.pt\/index.php\/wp-json\/wp\/v2\/media?parent=5597"}],"wp:term":[{"taxonomy":"product_cat","embeddable":true,"href":"https:\/\/simoffice.pt\/index.php\/wp-json\/wp\/v2\/product_cat?post=5597"},{"taxonomy":"product_tag","embeddable":true,"href":"https:\/\/simoffice.pt\/index.php\/wp-json\/wp\/v2\/product_tag?post=5597"}],"curies":[{"name":"wp","href":"https:\/\/api.w.org\/{rel}","templated":true}]}}