{"id":5580,"date":"2022-07-04T15:26:13","date_gmt":"2022-07-04T15:26:13","guid":{"rendered":"https:\/\/simoffice.pt\/index.php\/product\/canon-calculadora-mp1211-ltsc\/"},"modified":"2022-07-04T15:26:18","modified_gmt":"2022-07-04T15:26:18","slug":"canon-calculadora-mp1211-ltsc","status":"publish","type":"product","link":"https:\/\/simoffice.pt\/index.php\/product\/canon-calculadora-mp1211-ltsc\/","title":{"rendered":"Canon Calculadora MP1211-LTSC"},"content":{"rendered":"<p>CANON CALCULADORA MP1211-LTSC GFB EMEA Calculadora de 12 d\u00edgitos com impress\u00e3o em fita de tinta de 2 cores <\/p>\n<p>Fun\u00e7\u00f5es de c\u00e1lculo de taxas, c\u00e1lculo de margens, convers\u00e3o de moeda e troco economizadoras de tempo<\/p>\n<p>Visor amplo retroiluminado de 2 cores <\/p>\n<p>Teclado espa\u00e7oso para uma utiliza\u00e7\u00e3o intensiva <\/p>\n<p>Elegante acabamento met\u00e1lico prateado <\/p>\n","protected":false},"excerpt":{"rendered":"<p>CANON CALCULADORA MP1211-LTSC GFB EMEA Calculadora de 12 d\u00edgitos com impress\u00e3o em fita de tinta de 2 cores Fun\u00e7\u00f5es de c\u00e1lculo de taxas, c\u00e1lculo de margens, convers\u00e3o de moeda e troco economizadoras de tempo Visor amplo retroiluminado de 2 cores Teclado espa\u00e7oso para uma utiliza\u00e7\u00e3o intensiva Elegante acabamento met\u00e1lico prateado<\/p>\n","protected":false},"featured_media":5581,"template":"","meta":[],"product_cat":[74],"product_tag":[],"_links":{"self":[{"href":"https:\/\/simoffice.pt\/index.php\/wp-json\/wp\/v2\/product\/5580"}],"collection":[{"href":"https:\/\/simoffice.pt\/index.php\/wp-json\/wp\/v2\/product"}],"about":[{"href":"https:\/\/simoffice.pt\/index.php\/wp-json\/wp\/v2\/types\/product"}],"wp:featuredmedia":[{"embeddable":true,"href":"https:\/\/simoffice.pt\/index.php\/wp-json\/wp\/v2\/media\/5581"}],"wp:attachment":[{"href":"https:\/\/simoffice.pt\/index.php\/wp-json\/wp\/v2\/media?parent=5580"}],"wp:term":[{"taxonomy":"product_cat","embeddable":true,"href":"https:\/\/simoffice.pt\/index.php\/wp-json\/wp\/v2\/product_cat?post=5580"},{"taxonomy":"product_tag","embeddable":true,"href":"https:\/\/simoffice.pt\/index.php\/wp-json\/wp\/v2\/product_tag?post=5580"}],"curies":[{"name":"wp","href":"https:\/\/api.w.org\/{rel}","templated":true}]}}