{"id":5572,"date":"2022-07-04T15:25:48","date_gmt":"2022-07-04T15:25:48","guid":{"rendered":"https:\/\/simoffice.pt\/index.php\/product\/kingston-cartao-sd-16gb-micro-sdhc-class-u3-uhs-i-90r-45w-c-adaptador\/"},"modified":"2022-07-04T15:25:53","modified_gmt":"2022-07-04T15:25:53","slug":"kingston-cartao-sd-16gb-micro-sdhc-class-u3-uhs-i-90r-45w-c-adaptador","status":"publish","type":"product","link":"https:\/\/simoffice.pt\/index.php\/product\/kingston-cartao-sd-16gb-micro-sdhc-class-u3-uhs-i-90r-45w-c-adaptador\/","title":{"rendered":"Kingston cart\u00e3o SD 16Gb Micro SDHC Class U3 UHS-I 90R\/45W C\/Adaptador"},"content":{"rendered":"<p>Kingston Technology Gold microSD UHS-I Speed Class 3 (U3) 16GB. Tipo de flash card: MicroSDHC, Classe de mem\u00f3ria flash: Class 3, Tipo de mem\u00f3ria incorporada: UHS-I. C\u00f3digo de protecc\u00e3o internacional (IP): IPX7. Cor da caixa: Preto, Protec\u00e7\u00e3o de caracter\u00edsticas: Resistente ao choque, Resistente \u00e0 temperatura, \u00c0 prova de vibra\u00e7\u00e3o, Resistente \u00e0 \u00e1gua, \u00c0 prova de r, Aprova\u00e7\u00f5es Regulamentares: FCC, VCI, IEC\/EN 60529, MIL-STD-883H, METHOD 2002.5, ISO 7816-1. Adaptador de mem\u00f3ria inclu\u00eddo: SD, Tipo de embalagem: Pl\u00e1stico de bolhas. Sistemas de ficheiros suportados: FAT32<\/p>\n","protected":false},"excerpt":{"rendered":"<p>Kingston Technology Gold microSD UHS-I Speed Class 3 (U3) 16GB. Tipo de flash card: MicroSDHC, Classe de mem\u00f3ria flash: Class 3, Tipo de mem\u00f3ria incorporada: UHS-I. C\u00f3digo de protecc\u00e3o internacional (IP): IPX7. Cor da caixa: Preto, Protec\u00e7\u00e3o de caracter\u00edsticas: Resistente ao choque, Resistente \u00e0 temperatura, \u00c0 prova de vibra\u00e7\u00e3o, Resistente \u00e0 \u00e1gua, \u00c0 prova de [&hellip;]<\/p>\n","protected":false},"featured_media":5573,"template":"","meta":[],"product_cat":[75],"product_tag":[],"_links":{"self":[{"href":"https:\/\/simoffice.pt\/index.php\/wp-json\/wp\/v2\/product\/5572"}],"collection":[{"href":"https:\/\/simoffice.pt\/index.php\/wp-json\/wp\/v2\/product"}],"about":[{"href":"https:\/\/simoffice.pt\/index.php\/wp-json\/wp\/v2\/types\/product"}],"wp:featuredmedia":[{"embeddable":true,"href":"https:\/\/simoffice.pt\/index.php\/wp-json\/wp\/v2\/media\/5573"}],"wp:attachment":[{"href":"https:\/\/simoffice.pt\/index.php\/wp-json\/wp\/v2\/media?parent=5572"}],"wp:term":[{"taxonomy":"product_cat","embeddable":true,"href":"https:\/\/simoffice.pt\/index.php\/wp-json\/wp\/v2\/product_cat?post=5572"},{"taxonomy":"product_tag","embeddable":true,"href":"https:\/\/simoffice.pt\/index.php\/wp-json\/wp\/v2\/product_tag?post=5572"}],"curies":[{"name":"wp","href":"https:\/\/api.w.org\/{rel}","templated":true}]}}