{"id":5570,"date":"2022-07-04T15:25:44","date_gmt":"2022-07-04T15:25:44","guid":{"rendered":"https:\/\/simoffice.pt\/index.php\/product\/maquina-fotografica-canon-ixus-285-hs-20-2mp-black\/"},"modified":"2022-07-04T15:25:49","modified_gmt":"2022-07-04T15:25:49","slug":"maquina-fotografica-canon-ixus-285-hs-20-2mp-black","status":"publish","type":"product","link":"https:\/\/simoffice.pt\/index.php\/product\/maquina-fotografica-canon-ixus-285-hs-20-2mp-black\/","title":{"rendered":"M\u00e1quina Fotogr\u00e1fica Canon IXUS 285 HS 20.2MP Black"},"content":{"rendered":"<p>Zoom \u00f3tico de 12x com ultragrande angular; Fa\u00e7a zoom a 24x com grande qualidade; CMOS de 20,2 Megapixels; Grandes capturas em condi\u00e7\u00f5es de baixa luminosidade; Filmes em 1080p; F\u00e1cil de captar com um resumo em filme; Liga\u00e7\u00e3o simples a smartphone; Partilhe e fa\u00e7a c\u00f3pias de seguran\u00e7a das imagens sem fios; O NFC simplica a partilha com smartphones; Imagens est\u00e1veis em todas as situa\u00e7\u00f5es; Edita de forma inteligente em \u00e1lbum de v\u00eddeo com um toque; 6 imagens \u00fanicas com apenas um disparo; O Zoom Autom\u00e1tico depende do n\u00famero de motivos; Poderoso processamento DIGIC; Modo autom\u00e1tico com dete\u00e7\u00e3o de 32 cenas; Apontar e disparar com o toque num bot\u00e3o; Controle a c\u00e2mara com um smartphone; LCD 7,5 (3,0&#8243;); Grave filmes instantaneamente; Poupan\u00e7a de energia para mais fotografias; Transfer\u00eancia para Canon Connect Station com um \u00fanico toque.<\/p>\n","protected":false},"excerpt":{"rendered":"<p>Zoom \u00f3tico de 12x com ultragrande angular; Fa\u00e7a zoom a 24x com grande qualidade; CMOS de 20,2 Megapixels; Grandes capturas em condi\u00e7\u00f5es de baixa luminosidade; Filmes em 1080p; F\u00e1cil de captar com um resumo em filme; Liga\u00e7\u00e3o simples a smartphone; Partilhe e fa\u00e7a c\u00f3pias de seguran\u00e7a das imagens sem fios; O NFC simplica a partilha [&hellip;]<\/p>\n","protected":false},"featured_media":5571,"template":"","meta":[],"product_cat":[77],"product_tag":[],"_links":{"self":[{"href":"https:\/\/simoffice.pt\/index.php\/wp-json\/wp\/v2\/product\/5570"}],"collection":[{"href":"https:\/\/simoffice.pt\/index.php\/wp-json\/wp\/v2\/product"}],"about":[{"href":"https:\/\/simoffice.pt\/index.php\/wp-json\/wp\/v2\/types\/product"}],"wp:featuredmedia":[{"embeddable":true,"href":"https:\/\/simoffice.pt\/index.php\/wp-json\/wp\/v2\/media\/5571"}],"wp:attachment":[{"href":"https:\/\/simoffice.pt\/index.php\/wp-json\/wp\/v2\/media?parent=5570"}],"wp:term":[{"taxonomy":"product_cat","embeddable":true,"href":"https:\/\/simoffice.pt\/index.php\/wp-json\/wp\/v2\/product_cat?post=5570"},{"taxonomy":"product_tag","embeddable":true,"href":"https:\/\/simoffice.pt\/index.php\/wp-json\/wp\/v2\/product_tag?post=5570"}],"curies":[{"name":"wp","href":"https:\/\/api.w.org\/{rel}","templated":true}]}}