{"id":5565,"date":"2022-07-04T15:25:29","date_gmt":"2022-07-04T15:25:29","guid":{"rendered":"https:\/\/simoffice.pt\/index.php\/product\/lg-led-tv-32-fhd-vga-hdmi-usb-mode-hotel-32lv340c\/"},"modified":"2022-07-04T15:25:35","modified_gmt":"2022-07-04T15:25:35","slug":"lg-led-tv-32-fhd-vga-hdmi-usb-mode-hotel-32lv340c","status":"publish","type":"product","link":"https:\/\/simoffice.pt\/index.php\/product\/lg-led-tv-32-fhd-vga-hdmi-usb-mode-hotel-32lv340c\/","title":{"rendered":"LG Led TV 32&#8243; FHD VGA HDMI USB Mode Hotel 32LV340C"},"content":{"rendered":"<p>LG 32LV340C. Tamanho do ecr\u00e3 na diagonal (pol.): 80 cm (31.5&#8243;), Resolu\u00e7\u00e3o: 1366 x 768 pixels, Tipo de HD: HD, Tecnologia de apresenta\u00e7\u00e3o: LED, Formato do ecr\u00e3: Plano, Tipo de retroilumina\u00e7\u00e3o LED: Direct-LED, Luminosidade: 240 cd\/m\u00b2, Tempo de resposta (t\u00edpico): 9 ms, R\u00e1cio de aspecto: 4:3, 16:9. Sistema de formato de sinal digital: ATSC. Ethernet LAN. Com certifica\u00e7\u00e3o Energy Star. Cor da caixa: Preto<\/p>\n","protected":false},"excerpt":{"rendered":"<p>LG 32LV340C. Tamanho do ecr\u00e3 na diagonal (pol.): 80 cm (31.5&#8243;), Resolu\u00e7\u00e3o: 1366 x 768 pixels, Tipo de HD: HD, Tecnologia de apresenta\u00e7\u00e3o: LED, Formato do ecr\u00e3: Plano, Tipo de retroilumina\u00e7\u00e3o LED: Direct-LED, Luminosidade: 240 cd\/m\u00b2, Tempo de resposta (t\u00edpico): 9 ms, R\u00e1cio de aspecto: 4:3, 16:9. Sistema de formato de sinal digital: ATSC. Ethernet [&hellip;]<\/p>\n","protected":false},"featured_media":5566,"template":"","meta":[],"product_cat":[76],"product_tag":[],"_links":{"self":[{"href":"https:\/\/simoffice.pt\/index.php\/wp-json\/wp\/v2\/product\/5565"}],"collection":[{"href":"https:\/\/simoffice.pt\/index.php\/wp-json\/wp\/v2\/product"}],"about":[{"href":"https:\/\/simoffice.pt\/index.php\/wp-json\/wp\/v2\/types\/product"}],"wp:featuredmedia":[{"embeddable":true,"href":"https:\/\/simoffice.pt\/index.php\/wp-json\/wp\/v2\/media\/5566"}],"wp:attachment":[{"href":"https:\/\/simoffice.pt\/index.php\/wp-json\/wp\/v2\/media?parent=5565"}],"wp:term":[{"taxonomy":"product_cat","embeddable":true,"href":"https:\/\/simoffice.pt\/index.php\/wp-json\/wp\/v2\/product_cat?post=5565"},{"taxonomy":"product_tag","embeddable":true,"href":"https:\/\/simoffice.pt\/index.php\/wp-json\/wp\/v2\/product_tag?post=5565"}],"curies":[{"name":"wp","href":"https:\/\/api.w.org\/{rel}","templated":true}]}}