{"id":5548,"date":"2022-07-04T15:24:36","date_gmt":"2022-07-04T15:24:36","guid":{"rendered":"https:\/\/simoffice.pt\/index.php\/product\/lg-monitor-led-24-23-5-full-hd-169-2ms-vga-dvi-hdmi-24m47vq\/"},"modified":"2022-07-04T15:24:41","modified_gmt":"2022-07-04T15:24:41","slug":"lg-monitor-led-24-23-5-full-hd-169-2ms-vga-dvi-hdmi-24m47vq","status":"publish","type":"product","link":"https:\/\/simoffice.pt\/index.php\/product\/lg-monitor-led-24-23-5-full-hd-169-2ms-vga-dvi-hdmi-24m47vq\/","title":{"rendered":"LG Monitor LED 24&#8243; (23.5) Full HD 16:9 2MS VGA DVI HDMI 24M47VQ"},"content":{"rendered":"<p> LG 24M47VQ-P. Tamanho do ecr\u00e3 na diagonal (pol.): 59,7 cm (23.5&#8243;), Luminosidade: 250 cd\/m\u00b2, Resolu\u00e7\u00e3o: 1920 x 1080 pixels. Auscultadores: 3,5 mm. Cor da caixa: Preto. Montagem VESA: 100 x 100 mm, Inclina\u00e7\u00e3o: -5 &#8211; 20\u00b0. Voltagem de entrada de AC: 100 &#8211; 240 V, Frequ\u00eancia de entrada AC: 47-63 Hz, Consumo de energia (m\u00e1x): 28 W<\/p>\n","protected":false},"excerpt":{"rendered":"<p>LG 24M47VQ-P. Tamanho do ecr\u00e3 na diagonal (pol.): 59,7 cm (23.5&#8243;), Luminosidade: 250 cd\/m\u00b2, Resolu\u00e7\u00e3o: 1920 x 1080 pixels. Auscultadores: 3,5 mm. Cor da caixa: Preto. Montagem VESA: 100 x 100 mm, Inclina\u00e7\u00e3o: -5 &#8211; 20\u00b0. Voltagem de entrada de AC: 100 &#8211; 240 V, Frequ\u00eancia de entrada AC: 47-63 Hz, Consumo de energia (m\u00e1x): [&hellip;]<\/p>\n","protected":false},"featured_media":5549,"template":"","meta":[],"product_cat":[75],"product_tag":[],"_links":{"self":[{"href":"https:\/\/simoffice.pt\/index.php\/wp-json\/wp\/v2\/product\/5548"}],"collection":[{"href":"https:\/\/simoffice.pt\/index.php\/wp-json\/wp\/v2\/product"}],"about":[{"href":"https:\/\/simoffice.pt\/index.php\/wp-json\/wp\/v2\/types\/product"}],"wp:featuredmedia":[{"embeddable":true,"href":"https:\/\/simoffice.pt\/index.php\/wp-json\/wp\/v2\/media\/5549"}],"wp:attachment":[{"href":"https:\/\/simoffice.pt\/index.php\/wp-json\/wp\/v2\/media?parent=5548"}],"wp:term":[{"taxonomy":"product_cat","embeddable":true,"href":"https:\/\/simoffice.pt\/index.php\/wp-json\/wp\/v2\/product_cat?post=5548"},{"taxonomy":"product_tag","embeddable":true,"href":"https:\/\/simoffice.pt\/index.php\/wp-json\/wp\/v2\/product_tag?post=5548"}],"curies":[{"name":"wp","href":"https:\/\/api.w.org\/{rel}","templated":true}]}}