{"id":5543,"date":"2022-07-04T15:24:21","date_gmt":"2022-07-04T15:24:21","guid":{"rendered":"https:\/\/simoffice.pt\/index.php\/product\/targus-laser-presentation-remote-usb-port-cor-preto-cinzento\/"},"modified":"2022-07-04T15:24:26","modified_gmt":"2022-07-04T15:24:26","slug":"targus-laser-presentation-remote-usb-port-cor-preto-cinzento","status":"publish","type":"product","link":"https:\/\/simoffice.pt\/index.php\/product\/targus-laser-presentation-remote-usb-port-cor-preto-cinzento\/","title":{"rendered":"Targus Laser Presentation Remote, USB Port, C\u00f4r: Preto \/ Cinzento"},"content":{"rendered":"<p>nforma\u00e7\u00e3o Detalhada<br \/>\nAlcance At\u00e9 15 metros<br \/>\nTecnologia Laser e Wireless 2.4 GHz<br \/>\nC\u00f4r Preto e Cinza<br \/>\nDados Logisticos<br \/>\nPeso 0.057<br \/>\nDimens\u00f5es 12 x 3.8 x 2.5cm <\/p>\n","protected":false},"excerpt":{"rendered":"<p>nforma\u00e7\u00e3o Detalhada Alcance At\u00e9 15 metros Tecnologia Laser e Wireless 2.4 GHz C\u00f4r Preto e Cinza Dados Logisticos Peso 0.057 Dimens\u00f5es 12 x 3.8 x 2.5cm<\/p>\n","protected":false},"featured_media":5544,"template":"","meta":[],"product_cat":[75],"product_tag":[],"_links":{"self":[{"href":"https:\/\/simoffice.pt\/index.php\/wp-json\/wp\/v2\/product\/5543"}],"collection":[{"href":"https:\/\/simoffice.pt\/index.php\/wp-json\/wp\/v2\/product"}],"about":[{"href":"https:\/\/simoffice.pt\/index.php\/wp-json\/wp\/v2\/types\/product"}],"wp:featuredmedia":[{"embeddable":true,"href":"https:\/\/simoffice.pt\/index.php\/wp-json\/wp\/v2\/media\/5544"}],"wp:attachment":[{"href":"https:\/\/simoffice.pt\/index.php\/wp-json\/wp\/v2\/media?parent=5543"}],"wp:term":[{"taxonomy":"product_cat","embeddable":true,"href":"https:\/\/simoffice.pt\/index.php\/wp-json\/wp\/v2\/product_cat?post=5543"},{"taxonomy":"product_tag","embeddable":true,"href":"https:\/\/simoffice.pt\/index.php\/wp-json\/wp\/v2\/product_tag?post=5543"}],"curies":[{"name":"wp","href":"https:\/\/api.w.org\/{rel}","templated":true}]}}