{"id":5528,"date":"2022-07-04T15:23:38","date_gmt":"2022-07-04T15:23:38","guid":{"rendered":"https:\/\/simoffice.pt\/index.php\/product\/tabuleiro-arame-cromado-com-3-gavetas\/"},"modified":"2022-07-04T15:23:45","modified_gmt":"2022-07-04T15:23:45","slug":"tabuleiro-arame-cromado-com-3-gavetas","status":"publish","type":"product","link":"https:\/\/simoffice.pt\/index.php\/product\/tabuleiro-arame-cromado-com-3-gavetas\/","title":{"rendered":"Tabuleiro Arame Cromado com 3 Gavetas"},"content":{"rendered":"<p>Em a\u00e7o inoxid\u00e1vel. Ideal para organizar documentos na secret\u00e1ria.<\/p>\n","protected":false},"excerpt":{"rendered":"<p>Em a\u00e7o inoxid\u00e1vel. Ideal para organizar documentos na secret\u00e1ria.<\/p>\n","protected":false},"featured_media":5529,"template":"","meta":[],"product_cat":[74],"product_tag":[],"_links":{"self":[{"href":"https:\/\/simoffice.pt\/index.php\/wp-json\/wp\/v2\/product\/5528"}],"collection":[{"href":"https:\/\/simoffice.pt\/index.php\/wp-json\/wp\/v2\/product"}],"about":[{"href":"https:\/\/simoffice.pt\/index.php\/wp-json\/wp\/v2\/types\/product"}],"wp:featuredmedia":[{"embeddable":true,"href":"https:\/\/simoffice.pt\/index.php\/wp-json\/wp\/v2\/media\/5529"}],"wp:attachment":[{"href":"https:\/\/simoffice.pt\/index.php\/wp-json\/wp\/v2\/media?parent=5528"}],"wp:term":[{"taxonomy":"product_cat","embeddable":true,"href":"https:\/\/simoffice.pt\/index.php\/wp-json\/wp\/v2\/product_cat?post=5528"},{"taxonomy":"product_tag","embeddable":true,"href":"https:\/\/simoffice.pt\/index.php\/wp-json\/wp\/v2\/product_tag?post=5528"}],"curies":[{"name":"wp","href":"https:\/\/api.w.org\/{rel}","templated":true}]}}